{"id":7009,"date":"2025-08-25T17:19:47","date_gmt":"2025-08-25T17:19:47","guid":{"rendered":"https:\/\/solapso.com\/mas-informacion\/"},"modified":"2026-04-28T01:14:35","modified_gmt":"2026-04-28T01:14:35","slug":"mais-informacao","status":"publish","type":"page","link":"https:\/\/solapso.com\/pt-br\/mais-informacao\/","title":{"rendered":"Mais informa\u00e7\u00e3o"},"content":{"rendered":"<div class=\"wpb-content-wrapper\">[mk_page_section bg_image=&#8221;https:\/\/solapso.com\/wp-content\/uploads\/2024\/12\/head-contact.jpg&#8221; bg_repeat=&#8221;no-repeat&#8221; bg_stretch=&#8221;true&#8221; js_vertical_centered=&#8221;true&#8221; padding_bottom=&#8221;140&#8243; sidebar=&#8221;sidebar-1&#8243;][vc_column width=&#8221;2\/3&#8243;][mk_padding_divider size=&#8221;204&#8243; visibility=&#8221;hidden-sm&#8221;][mk_fancy_title tag_name=&#8221;h1&#8243; color=&#8221;#dd0316&#8243; size=&#8221;48&#8243; force_font_size=&#8221;true&#8221; size_smallscreen=&#8221;0&#8243; size_tablet=&#8221;45&#8243; size_phone=&#8221;0&#8243; line_height=&#8221;95&#8243; font_weight=&#8221;bold&#8221; txt_transform=&#8221;uppercase&#8221; letter_spacing=&#8221;0&#8243; margin_top=&#8221;0&#8243; margin_bottom=&#8221;0&#8243; font_family=&#8221;Poppins&#8221; font_type=&#8221;google&#8221; responsive_align=&#8221;left&#8221;]Mais informa\u00e7\u00f5es sobre psor\u00edase e outras doen\u00e7as imunomediadas[\/mk_fancy_title][\/vc_column][vc_column width=&#8221;1\/3&#8243;][\/vc_column][\/mk_page_section][vc_row el_class=&#8221;texto-doenca&#8221;][vc_column][mk_padding_divider size=&#8221;50&#8243; visibility=&#8221;hidden-sm&#8221;][vc_column_text margin_bottom=&#8221;0&#8243; css=&#8221;.vc_custom_1777338796104{margin-bottom: 0px !important;}&#8221;]<b><span data-contrast=\"auto\">Por que consultar fontes confi\u00e1veis?<\/span><\/b><span data-ccp-props=\"{}\">\u00a0<\/span><\/p>\n<p><span data-contrast=\"auto\">Quando o assunto \u00e9 sa\u00fade, buscar informa\u00e7\u00e3o de qualidade \u00e9 essencial. Organiza\u00e7\u00f5es m\u00e9dicas renomadas, sociedades cient\u00edficas e associa\u00e7\u00f5es de pacientes oferecem orienta\u00e7\u00f5es seguras, atualizadas e revisadas por especialistas, al\u00e9m de apoio e recursos para quem vive com psor\u00edase ou outras doen\u00e7as imunomediadas.<\/span><span data-ccp-props=\"{}\">\u00a0<\/span><\/p>\n<p><b><span data-contrast=\"auto\">Psor\u00edase e Doen\u00e7as Relacionadas<\/span><\/b><span data-ccp-props=\"{}\">\u00a0<\/span><\/p>\n<p><span data-ccp-props=\"{}\">\u00a0<\/span><\/p>\n<p><b><span data-contrast=\"auto\">LATINAPSO<\/span><\/b><span data-contrast=\"auto\">\u00a0\u2013 Rede Latino-Americana de\u00a0Psor\u00edase:Uma\u00a0rede de associa\u00e7\u00f5es em toda a Am\u00e9rica Latina que promove apoio e informa\u00e7\u00e3o em espanhol e portugu\u00eas.\u00a0<\/span><a href=\"http:\/\/www.latinapso.org\/\"><span data-contrast=\"none\">Acesse a LATINAPSO<\/span><\/a><span data-ccp-props=\"{}\">\u00a0<\/span><\/p>\n<p><span data-ccp-props=\"{}\">\u00a0<\/span><\/p>\n<p><b><span data-contrast=\"auto\">Sociedade Brasileira de Dermatologia (SBD):<\/span><\/b><span data-contrast=\"auto\">\u00a0Informa\u00e7\u00f5es para pacientes sobre psor\u00edase, dermatite at\u00f3pica, hidradenite supurativa e outras dermatoses. Idioma:\u00a0Portugu\u00eas.\u00a0<\/span><a href=\"http:\/\/www.sbd.org.br\/\"><span data-contrast=\"none\">Acesse a SBD.<\/span><\/a><span data-contrast=\"auto\">\u00a0<\/span><span data-ccp-props=\"{}\">\u00a0<\/span><\/p>\n<p><span data-ccp-props=\"{}\">\u00a0<\/span><\/p>\n<p><b><span data-contrast=\"auto\">Sociedade Brasileira de Reumatologia (SBR):<\/span><\/b><span data-contrast=\"auto\">\u00a0Conte\u00fado sobre artrite\u00a0psori\u00e1sica\u00a0e outras doen\u00e7as reumatol\u00f3gicas imunomediadas, com uma se\u00e7\u00e3o para pacientes.\u00a0<\/span><a href=\"https:\/\/www.reumatologia.org.br\/\"><span data-contrast=\"none\">Acesse<\/span><\/a><span data-ccp-props=\"{}\">\u00a0<\/span><\/p>\n<p><span data-ccp-props=\"{}\">\u00a0<\/span><\/p>\n<p><b><span data-contrast=\"auto\">Funda\u00e7\u00e3o Pele Saud\u00e1vel<\/span><\/b><span data-contrast=\"auto\">: Informa\u00e7\u00f5es para pacientes sobre diversas condi\u00e7\u00f5es, organizadas pela Academia Espanhola de Dermatologia e Venereologia. Idioma: Espanhol.\u00a0<\/span><a href=\"https:\/\/aedv.fundacionpielsana.es\/\"><span data-contrast=\"none\">Acesse<\/span><\/a><span data-ccp-props=\"{}\">\u00a0<\/span><\/p>\n<p><span data-ccp-props=\"{}\">\u00a0<\/span><\/p>\n<p><b><span data-contrast=\"auto\">Academia Americana de Dermatologia (AAD):<\/span><\/b><span data-contrast=\"auto\">\u00a0Diretrizes para pacientes com psor\u00edase, dermatite at\u00f3pica e hidradenite supurativa. Idioma: Ingl\u00eas<\/span><a href=\"https:\/\/www.aad.org\/public\"><span data-contrast=\"none\">. Acesse<\/span><\/a><span data-ccp-props=\"{}\">\u00a0<\/span><\/p>\n<p><span data-ccp-props=\"{}\">\u00a0<\/span><\/p>\n<p><span data-contrast=\"auto\">A<\/span><b><span data-contrast=\"auto\">cademia Europeia de Dermatologia e Venereologia (EADV):\u00a0<\/span><\/b><span data-contrast=\"auto\">\u200b\u200b<\/span><span data-contrast=\"auto\">Folhetos\u00a0educativos sobre psor\u00edase e doen\u00e7as imunomediadas. Idioma: Espanhol.\u00a0<\/span><a href=\"https:\/\/aedv.es\/guias-para-pacientes-2\/\"><span data-contrast=\"none\">Acesse EADV<\/span><\/a><span data-ccp-props=\"{}\">\u00a0<\/span><\/p>\n<p><span data-ccp-props=\"{}\">\u00a0<\/span><\/p>\n<p><b><span data-contrast=\"auto\">Funda\u00e7\u00e3o Nacional de Psor\u00edase (NPF):<\/span><\/b><span data-contrast=\"auto\">\u00a0Um dos maiores reposit\u00f3rios globais sobre psor\u00edase e artrite\u00a0psori\u00e1sica, com ferramentas de apoio e uma comunidade de pacientes. Idioma: Ingl\u00eas. A<\/span><a href=\"https:\/\/www.psoriasis.org\/\"><span data-contrast=\"none\">cesse<\/span><\/a><span data-ccp-props=\"{}\">\u00a0<\/span><\/p>\n<p><span data-ccp-props=\"{}\">\u00a0<\/span><\/p>\n<p><b><span data-contrast=\"auto\">NHS (Reino Unido):<\/span><\/b><span data-contrast=\"auto\">\u00a0Explica\u00e7\u00f5es claras sobre sintomas, diagn\u00f3stico e tratamento. Idioma: Ingl\u00eas. Acesse<\/span><span data-ccp-props=\"{}\">\u00a0<\/span><\/p>\n<p><span data-ccp-props=\"{}\">\u00a0<\/span><\/p>\n<p><b><span data-contrast=\"auto\">MedlinePlus\u00a0(NIH):<\/span><\/b><span data-contrast=\"auto\">\u00a0Fichas informativas revisadas para pacientes sobre psor\u00edase e doen\u00e7as relacionadas. Idioma: Ingl\u00eas.\u00a0<\/span><a href=\"https:\/\/www.nhs.uk\/\"><span data-contrast=\"none\">Acesse<\/span><\/a><span data-ccp-props=\"{}\">\u00a0<\/span><\/p>\n<p><span data-ccp-props=\"{}\">\u00a0<\/span><\/p>\n<p><b><span data-contrast=\"auto\">Organiza\u00e7\u00e3o Mundial da Sa\u00fade (OMS):<\/span><\/b><span data-contrast=\"auto\">\u00a0Vis\u00e3o geral global da psor\u00edase e estrat\u00e9gias de tratamento. Idioma: Ingl\u00eas.\u00a0<\/span><a href=\"https:\/\/www.who.int\/\"><span data-contrast=\"none\">Acesse<\/span><\/a><span data-ccp-props=\"{}\">\u00a0<\/span><\/p>\n<p><span data-ccp-props=\"{}\">\u00a0<\/span><\/p>\n<p><b><span data-contrast=\"auto\">OPAS\/OPAS (Am\u00e9ricas):<\/span><\/b><span data-contrast=\"auto\">\u00a0Recursos regionais e campanhas de conscientiza\u00e7\u00e3o.\u00a0<\/span><a href=\"https:\/\/www.paho.org\/es\"><span data-contrast=\"none\">Acesse<\/span><\/a><span data-ccp-props=\"{}\">\u00a0<\/span><\/p>\n<p><span data-ccp-props=\"{}\">\u00a0<\/span><\/p>\n<p><b><span data-contrast=\"auto\">Outras Doen\u00e7as Imunomediadas<\/span><\/b><span data-ccp-props=\"{}\">\u00a0<\/span><\/p>\n<p><span data-ccp-props=\"{}\">\u00a0<\/span><\/p>\n<p><b><span data-contrast=\"auto\">DermNet\u00a0(Nova Zel\u00e2ndia):<\/span><\/b><span data-contrast=\"auto\">\u00a0Enciclop\u00e9dia dermatol\u00f3gica com informa\u00e7\u00f5es sobre psor\u00edase, dermatite at\u00f3pica, hidradenite supurativa e muito mais.\u00a0<\/span><a href=\"https:\/\/dermnetnz.org\/\"><span data-contrast=\"none\">Acesse<\/span><\/a><span data-ccp-props=\"{}\">\u00a0<\/span><\/p>\n<p><b><span data-contrast=\"auto\">Funda\u00e7\u00e3o de Hidradenite Supurativa (HSF):<\/span><\/b><span data-contrast=\"auto\">\u00a0Educa\u00e7\u00e3o e diretrizes para pacientes sobre hidradenite supurativa.\u00a0<\/span><a href=\"https:\/\/www.hs-foundation.org\/\"><span data-contrast=\"none\">Acesse<\/span><\/a><span data-ccp-props=\"{}\">\u00a0<\/span><\/p>\n<p><b><span data-contrast=\"auto\">Associa\u00e7\u00e3o Nacional de Eczema (NEA):<\/span><\/b><span data-contrast=\"auto\">\u00a0Conte\u00fado abrangente para pacientes com dermatite at\u00f3pica\/eczema.\u00a0<\/span><a href=\"https:\/\/nationaleczema.org\/\"><span data-contrast=\"none\">Acesse<\/span><\/a><span data-ccp-props=\"{}\">\u00a0<\/span><\/p>\n<p><b><span data-contrast=\"auto\">IFPA \u2013 Federa\u00e7\u00e3o Internacional de Associa\u00e7\u00f5es de Psor\u00edase<\/span><\/b><span data-contrast=\"auto\">: Rede global de apoio e defesa para pessoas com psor\u00edase.\u00a0<\/span><a href=\"https:\/\/www.ifpa-pso.com\/\"><span data-contrast=\"none\">Acesse<\/span><\/a><span data-ccp-props=\"{}\">\u00a0<\/span><\/p>\n<p><span data-ccp-props=\"{}\">\u00a0<\/span><\/p>\n<p><b><span data-contrast=\"auto\">Como usar esses recursos<\/span><\/b><span data-ccp-props=\"{}\">\u00a0<\/span><\/p>\n<p><span data-contrast=\"auto\">Sempre verifique a fonte: priorize sites com revis\u00e3o m\u00e9dica.<\/span><span data-ccp-props=\"{}\">\u00a0<\/span><\/p>\n<p><span data-contrast=\"auto\">Converse com seu m\u00e9dico: use as informa\u00e7\u00f5es para esclarecer quaisquer d\u00favidas durante a consulta.<\/span><span data-ccp-props=\"{}\">\u00a0<\/span><\/p>\n<p><span data-contrast=\"auto\">Participe de grupos de apoio: muitas organiza\u00e7\u00f5es oferecem grupos para compartilhar experi\u00eancias.<\/span><span data-ccp-props=\"{}\">\u00a0<\/span><\/p>\n<p><span data-contrast=\"auto\">Mantenha acompanhamento regular: nenhum conte\u00fado substitui o atendimento m\u00e9dico especializado.<\/span>[\/vc_column_text][mk_padding_divider size=&#8221;50&#8243; visibility=&#8221;hidden-sm&#8221;][\/vc_column][\/vc_row]\n<\/div>","protected":false},"excerpt":{"rendered":"<p>[mk_page_section bg_image=&#8221;https:\/\/solapso.com\/wp-content\/uploads\/2024\/12\/head-contact.jpg&#8221; bg_repeat=&#8221;no-repeat&#8221; bg_stretch=&#8221;true&#8221; js_vertical_centered=&#8221;true&#8221; padding_bottom=&#8221;140&#8243; sidebar=&#8221;sidebar-1&#8243;][vc_column width=&#8221;2\/3&#8243;][mk_padding_divider size=&#8221;204&#8243; visibility=&#8221;hidden-sm&#8221;][mk_fancy_title tag_name=&#8221;h1&#8243; color=&#8221;#dd0316&#8243; size=&#8221;48&#8243; force_font_size=&#8221;true&#8221; size_smallscreen=&#8221;0&#8243; size_tablet=&#8221;45&#8243; size_phone=&#8221;0&#8243; line_height=&#8221;95&#8243; font_weight=&#8221;bold&#8221; txt_transform=&#8221;uppercase&#8221; letter_spacing=&#8221;0&#8243; margin_top=&#8221;0&#8243; margin_bottom=&#8221;0&#8243; font_family=&#8221;Poppins&#8221; font_type=&#8221;google&#8221; responsive_align=&#8221;left&#8221;]Mais informa\u00e7\u00f5es sobre psor\u00edase e [&hellip;]<\/p>\n","protected":false},"author":3298,"featured_media":0,"parent":0,"menu_order":0,"comment_status":"closed","ping_status":"closed","template":"","meta":{"footnotes":""},"class_list":["post-7009","page","type-page","status-publish","hentry"],"publishpress_future_action":{"enabled":false,"date":"2026-05-12 14:18:15","action":"change-status","newStatus":"draft","terms":[],"taxonomy":"translation_priority","extraData":[]},"publishpress_future_workflow_manual_trigger":{"enabledWorkflows":[]},"_links":{"self":[{"href":"https:\/\/solapso.com\/pt-br\/wp-json\/wp\/v2\/pages\/7009","targetHints":{"allow":["GET"]}}],"collection":[{"href":"https:\/\/solapso.com\/pt-br\/wp-json\/wp\/v2\/pages"}],"about":[{"href":"https:\/\/solapso.com\/pt-br\/wp-json\/wp\/v2\/types\/page"}],"author":[{"embeddable":true,"href":"https:\/\/solapso.com\/pt-br\/wp-json\/wp\/v2\/users\/3298"}],"replies":[{"embeddable":true,"href":"https:\/\/solapso.com\/pt-br\/wp-json\/wp\/v2\/comments?post=7009"}],"version-history":[{"count":3,"href":"https:\/\/solapso.com\/pt-br\/wp-json\/wp\/v2\/pages\/7009\/revisions"}],"predecessor-version":[{"id":7013,"href":"https:\/\/solapso.com\/pt-br\/wp-json\/wp\/v2\/pages\/7009\/revisions\/7013"}],"wp:attachment":[{"href":"https:\/\/solapso.com\/pt-br\/wp-json\/wp\/v2\/media?parent=7009"}],"curies":[{"name":"wp","href":"https:\/\/api.w.org\/{rel}","templated":true}]}}