{"id":6983,"date":"2025-08-24T16:34:55","date_gmt":"2025-08-24T16:34:55","guid":{"rendered":"https:\/\/solapso.com\/congreso\/"},"modified":"2026-04-29T00:40:41","modified_gmt":"2026-04-29T00:40:41","slug":"congresso","status":"publish","type":"page","link":"https:\/\/solapso.com\/pt-br\/congresso\/","title":{"rendered":"Congresso"},"content":{"rendered":"<div class=\"wpb-content-wrapper\">[mk_page_section bg_image=&#8221;https:\/\/solapso.com\/wp-content\/uploads\/2026\/02\/banner-solapso-congreso.jpg&#8221; blend_mode=&#8221;multiply&#8221; bg_position=&#8221;center center&#8221; bg_stretch=&#8221;true&#8221; speed_factor=&#8221;0&#8243; video_opacity=&#8221;0&#8243; js_vertical_centered=&#8221;true&#8221; padding_bottom=&#8221;140&#8243; sidebar=&#8221;sidebar-1&#8243;][vc_column width=&#8221;2\/3&#8243;][mk_padding_divider size=&#8221;402&#8243; visibility=&#8221;hidden-sm&#8221;][\/vc_column][vc_column width=&#8221;1\/3&#8243;][mk_padding_divider visibility=&#8221;hidden-sm&#8221;][\/vc_column][\/mk_page_section][vc_row css=&#8221;.vc_custom_1756062113520{margin-top: 100px !important;margin-bottom: 100px !important;}&#8221;][vc_column][mk_fancy_title tag_name=&#8221;h1&#8243; color=&#8221;#dd0316&#8243; size=&#8221;48&#8243; force_font_size=&#8221;true&#8221; size_tablet=&#8221;45&#8243; line_height=&#8221;95&#8243; font_weight=&#8221;bold&#8221; txt_transform=&#8221;uppercase&#8221; margin_bottom=&#8221;0&#8243; font_family=&#8221;Poppins&#8221; font_type=&#8221;google&#8221; align=&#8221;center&#8221; responsive_align=&#8221;left&#8221;]\n<p style=\"text-align: left;\">O Congresso SOLAPSO + DI<\/p>\n[\/mk_fancy_title][vc_separator color=&#8221;custom&#8221; align=&#8221;align_left&#8221; border_width=&#8221;5&#8243; el_width=&#8221;10&#8243; css=&#8221;&#8221; accent_color=&#8221;#DD0316&#8243;][mk_fancy_title tag_name=&#8221;h1&#8243; color=&#8221;#666666&#8243; size=&#8221;20&#8243; force_font_size=&#8221;true&#8221; size_tablet=&#8221;18&#8243; line_height=&#8221;175&#8243; font_weight=&#8221;400&#8243; margin_bottom=&#8221;0&#8243; font_family=&#8221;Poppins&#8221; font_type=&#8221;google&#8221; align=&#8221;center&#8221; responsive_align=&#8221;left&#8221;]A cada dois anos, a SOLAPSO+DI promove um grande evento de educa\u00e7\u00e3o m\u00e9dica continuada, realizado em um pa\u00eds onde a sociedade tenha representa\u00e7\u00e3o. O evento logo se tornou um destaque no calend\u00e1rio cient\u00edfico internacional da dermatologia. A cada edi\u00e7\u00e3o, re\u00fane dermatologistas e demais m\u00e9dicos interessados no manejo das doen\u00e7as de pele imunomediadas, enfatizando as especificidades vividas por profissionais e pacientes que atuam na Am\u00e9rica Latina, contribuindo tamb\u00e9m para divulgar a pesquisa e a ci\u00eancia de ponta produzidas na regi\u00e3o.[\/mk_fancy_title][\/vc_column][\/vc_row][vc_row fullwidth=&#8221;true&#8221; fullwidth_content=&#8221;false&#8221; css=&#8221;.vc_custom_1756128821892{padding-top: 100px !important;padding-bottom: 100px !important;background-color: #FAEFED !important;}&#8221;][vc_column][mk_icon_box icon=&#8221;mk-icon-calendar-o&#8221; title=&#8221;Pr\u00f3ximo Congresso&#8221; text_size=&#8221;48&#8243; font_weight=&#8221;bold&#8221; icon_size=&#8221;x-large&#8221; icon_color=&#8221;#dd0316&#8243; icon_circle_color=&#8221;&#8221; title_color=&#8221;#dd0316&#8243; margin=&#8221;0&#8243;][\/mk_icon_box][vc_separator color=&#8221;custom&#8221; align=&#8221;align_left&#8221; border_width=&#8221;5&#8243; el_width=&#8221;10&#8243; css=&#8221;&#8221; accent_color=&#8221;#DD0316&#8243;][mk_fancy_title tag_name=&#8221;h1&#8243; color=&#8221;#666666&#8243; size=&#8221;20&#8243; force_font_size=&#8221;true&#8221; size_smallscreen=&#8221;0&#8243; size_tablet=&#8221;18&#8243; size_phone=&#8221;0&#8243; line_height=&#8221;175&#8243; font_weight=&#8221;400&#8243; letter_spacing=&#8221;0&#8243; margin_top=&#8221;0&#8243; margin_bottom=&#8221;0&#8243; font_family=&#8221;Poppins&#8221; font_type=&#8221;google&#8221; align=&#8221;center&#8221; responsive_align=&#8221;left&#8221;]O pr\u00f3ximo CONGRESSO SOLAPSO + DI ocorrer\u00e1 em 2026, no Brasil, de 4 a 6 de junho, paralelamente ao 4\u00ba IMUNO&amp;Derma da Sociedade Brasileira de Dermatologia (SBD). Os organizadores est\u00e3o preparando um programa de alto n\u00edvel cient\u00edfico. Inscri\u00e7\u00f5es est\u00e3o abertas.[\/mk_fancy_title][mk_button dimension=&#8221;flat&#8221; size=&#8221;x-large&#8221; url=&#8221;\/pt-br\/congresso-solapso-2026\/&#8221; bg_color=&#8221;#dd3333&#8243;]Veja mais[\/mk_button][\/vc_column][\/vc_row][vc_row css=&#8221;.vc_custom_1756131409101{margin-top: 100px !important;}&#8221;][vc_column][mk_fancy_title tag_name=&#8221;h1&#8243; color=&#8221;#dd0316&#8243; size=&#8221;48&#8243; force_font_size=&#8221;true&#8221; size_tablet=&#8221;45&#8243; line_height=&#8221;95&#8243; font_weight=&#8221;bold&#8221; txt_transform=&#8221;uppercase&#8221; margin_bottom=&#8221;0&#8243; font_family=&#8221;Poppins&#8221; font_type=&#8221;google&#8221; align=&#8221;center&#8221; responsive_align=&#8221;left&#8221;]\n<p style=\"text-align: left;\">Congressos Anteriores<\/p>\n[\/mk_fancy_title][vc_separator color=&#8221;custom&#8221; align=&#8221;align_left&#8221; border_width=&#8221;5&#8243; el_width=&#8221;10&#8243; css=&#8221;&#8221; accent_color=&#8221;#DD0316&#8243;][\/vc_column][\/vc_row][vc_row equal_columns=&#8221;true&#8221; css=&#8221;.vc_custom_1756131415137{margin-bottom: 100px !important;}&#8221;][vc_column width=&#8221;1\/2&#8243; el_class=&#8221;congreso-antigo&#8221; css=&#8221;.vc_custom_1756131459018{margin-right: 2% !important;padding-top: 30px !important;padding-right: 30px !important;padding-bottom: 30px !important;padding-left: 30px !important;background-color: #FAEFED !important;border-radius: 15px !important;}&#8221;][mk_fancy_title tag_name=&#8221;h1&#8243; color=&#8221;#dd0316&#8243; size=&#8221;24&#8243; force_font_size=&#8221;true&#8221; size_tablet=&#8221;24&#8243; line_height=&#8221;95&#8243; font_weight=&#8221;bold&#8221; txt_transform=&#8221;uppercase&#8221; margin_bottom=&#8221;0&#8243; font_family=&#8221;Poppins&#8221; font_type=&#8221;google&#8221; align=&#8221;center&#8221; responsive_align=&#8221;left&#8221;]\n<div class=\"n4sEPd\" style=\"text-align: center;\">\n<div class=\"FFpbKc\">\n<div class=\"xMmqsf\">Congresso SOLAPSO + DI 2024<\/div>\n<\/div>\n<\/div>\n[\/mk_fancy_title][vc_separator color=&#8221;custom&#8221; border_width=&#8221;5&#8243; el_width=&#8221;20&#8243; css=&#8221;&#8221; accent_color=&#8221;#DD0316&#8243;][mk_icon_box icon=&#8221;mk-icon-map-marker&#8221; title=&#8221;Local:&#8221; text_size=&#8221;20&#8243; font_weight=&#8221;500&#8243; icon_size=&#8221;medium&#8221; icon_color=&#8221;#dd0316&#8243; icon_circle_color=&#8221;&#8221; title_color=&#8221;#dd0316&#8243;]Santiago de Chile (Chile)[\/mk_icon_box][mk_icon_box icon=&#8221;mk-icon-users&#8221; title=&#8221;DIRETORIA&#8221; text_size=&#8221;20&#8243; font_weight=&#8221;500&#8243; icon_size=&#8221;medium&#8221; icon_color=&#8221;#dd0316&#8243; icon_circle_color=&#8221;&#8221; title_color=&#8221;#dd0316&#8243;]<b>Presidente: <\/b>Fernando Valenzuela<br \/>\n<b>Vice-presidente: <\/b>Angela Londo\u00f1o Garc\u00eda<br \/>\n<b>Secret\u00e1ria\u202f: <\/b>Paula Luna<br \/>\n<b>Tesoureiro:\u202f <\/b>Cesar Gonzalez Ardila<\/p>\n<p><b>Tesoureiro-Adjunto:\u202f <\/b>Enrique Rivas Zaldivar<br \/>\n<b>Secret\u00e1rio Cient\u00edfico:<\/b>\u202f Manuel\u202f Franco<br \/>\n<b>\u202fVocales:<\/b>\u202f Minerva G\u00f3mez Nora Noemi Kogan, Andr\u00e9 Vicente Carvalho:[\/mk_icon_box][mk_icon_box icon=&#8221;mk-moon-people&#8221; title=&#8221;P\u00fablico&#8221; text_size=&#8221;20&#8243; font_weight=&#8221;500&#8243; icon_size=&#8221;medium&#8221; icon_color=&#8221;#dd0316&#8243; icon_circle_color=&#8221;&#8221; title_color=&#8221;#dd0316&#8243;]265 participantes (presenciais), 35 participantes (on-line)[\/mk_icon_box][mk_icon_box icon=&#8221;mk-moon-link-5&#8243; title=&#8221;Materiais do evento&#8221; text_size=&#8221;20&#8243; font_weight=&#8221;500&#8243; icon_size=&#8221;medium&#8221; icon_color=&#8221;#dd0316&#8243; icon_circle_color=&#8221;&#8221; title_color=&#8221;#dd0316&#8243;]<a href=\"https:\/\/solapso.com\/pt-br\/congresso-de-solapso-2024\/\">Acessar o material<\/a>[\/mk_icon_box][\/vc_column][vc_column width=&#8221;1\/2&#8243; el_class=&#8221;congreso-antigo&#8221; css=&#8221;.vc_custom_1756131465025{margin-left: 2% !important;padding-top: 30px !important;padding-right: 30px !important;padding-bottom: 30px !important;padding-left: 30px !important;background-color: #FAEFED !important;border-radius: 15px !important;}&#8221;][mk_fancy_title tag_name=&#8221;h1&#8243; color=&#8221;#dd0316&#8243; size=&#8221;24&#8243; force_font_size=&#8221;true&#8221; size_tablet=&#8221;24&#8243; line_height=&#8221;95&#8243; font_weight=&#8221;bold&#8221; txt_transform=&#8221;uppercase&#8221; margin_bottom=&#8221;0&#8243; font_family=&#8221;Poppins&#8221; font_type=&#8221;google&#8221; align=&#8221;center&#8221; responsive_align=&#8221;left&#8221;]\n<div class=\"n4sEPd\" style=\"text-align: center;\">\n<div class=\"FFpbKc\">\n<div class=\"xMmqsf\">Congresso SOLAPSO + DI 2022<\/div>\n<\/div>\n<\/div>\n[\/mk_fancy_title][vc_separator color=&#8221;custom&#8221; border_width=&#8221;5&#8243; el_width=&#8221;20&#8243; css=&#8221;&#8221; accent_color=&#8221;#DD0316&#8243;][mk_icon_box icon=&#8221;mk-icon-map-marker&#8221; title=&#8221;Local:&#8221; text_size=&#8221;20&#8243; font_weight=&#8221;500&#8243; icon_size=&#8221;medium&#8221; icon_color=&#8221;#dd0316&#8243; icon_circle_color=&#8221;&#8221; title_color=&#8221;#dd0316&#8243;]<span class=\"TextRun SCXW63740858 BCX0\" lang=\"PT-BR\" xml:lang=\"PT-BR\" data-contrast=\"auto\"><span class=\"NormalTextRun SCXW63740858 BCX0\">Bogot\u00e1<\/span><span class=\"NormalTextRun SCXW63740858 BCX0\"> (<\/span><span class=\"NormalTextRun SCXW63740858 BCX0\">Col<\/span><\/span><span class=\"TextRun SCXW63740858 BCX0\" lang=\"PT-BR\" xml:lang=\"PT-BR\" data-contrast=\"auto\"><span class=\"NormalTextRun SCXW63740858 BCX0\">\u00f4<\/span><\/span><span class=\"TextRun SCXW63740858 BCX0\" lang=\"PT-BR\" xml:lang=\"PT-BR\" data-contrast=\"auto\"><span class=\"NormalTextRun SCXW63740858 BCX0\">mbia<\/span><span class=\"NormalTextRun SCXW63740858 BCX0\">)<\/span><\/span>[\/mk_icon_box][mk_icon_box icon=&#8221;mk-icon-users&#8221; title=&#8221;JUNTA DIRECTIVA&#8221; text_size=&#8221;20&#8243; font_weight=&#8221;500&#8243; icon_size=&#8221;medium&#8221; icon_color=&#8221;#dd0316&#8243; icon_circle_color=&#8221;&#8221; title_color=&#8221;#dd0316&#8243;]<b>Presidente:<\/b> C\u00e9sar Gonz\u00e1lez<br \/>\n<b>Secret\u00e1rio Geral:<\/b> Manuel Franco<br \/>\n<b>Secret\u00e1ria Cient\u00edfica:<\/b> Margarita Vel\u00e1squez<br \/>\n<b>Tesoureira:<\/b> \u00c1ngela Londo\u00f1o<br \/>\n<b>Secret\u00e1rio de Relac\u00f5es Internacionais:<\/b> Fernando Valenzuela<br \/>\n<b>\u202fVocales:<\/b> Cristina Echeverr\u00eda &#8211; Andr\u00e9 Carvalho &#8211; Enrique Rivas[\/mk_icon_box][mk_icon_box icon=&#8221;mk-moon-people&#8221; title=&#8221;P\u00fablico&#8221; text_size=&#8221;20&#8243; font_weight=&#8221;500&#8243; icon_size=&#8221;medium&#8221; icon_color=&#8221;#dd0316&#8243; icon_circle_color=&#8221;&#8221; title_color=&#8221;#dd0316&#8243;]331 participantes (formato presencial)[\/mk_icon_box][mk_icon_box icon=&#8221;mk-moon-link-5&#8243; title=&#8221;Materiais do evento&#8221; text_size=&#8221;20&#8243; font_weight=&#8221;500&#8243; icon_size=&#8221;medium&#8221; icon_color=&#8221;#dd0316&#8243; icon_circle_color=&#8221;&#8221; title_color=&#8221;#dd0316&#8243;]<a href=\"https:\/\/solapso.com\/pt-br\/videoteca-do-congresso-2022\/\">Acessar o material<\/a>[\/mk_icon_box][\/vc_column][\/vc_row]\n<\/div>","protected":false},"excerpt":{"rendered":"<p>[mk_page_section bg_image=&#8221;https:\/\/solapso.com\/wp-content\/uploads\/2026\/02\/banner-solapso-congreso.jpg&#8221; blend_mode=&#8221;multiply&#8221; bg_position=&#8221;center center&#8221; bg_stretch=&#8221;true&#8221; speed_factor=&#8221;0&#8243; video_opacity=&#8221;0&#8243; js_vertical_centered=&#8221;true&#8221; padding_bottom=&#8221;140&#8243; sidebar=&#8221;sidebar-1&#8243;][vc_column width=&#8221;2\/3&#8243;][mk_padding_divider size=&#8221;402&#8243; visibility=&#8221;hidden-sm&#8221;][\/vc_column][vc_column width=&#8221;1\/3&#8243;][mk_padding_divider visibility=&#8221;hidden-sm&#8221;][\/vc_column][\/mk_page_section][vc_row css=&#8221;.vc_custom_1756062113520{margin-top: 100px !important;margin-bottom: 100px !important;}&#8221;][vc_column][mk_fancy_title tag_name=&#8221;h1&#8243; color=&#8221;#dd0316&#8243; size=&#8221;48&#8243; force_font_size=&#8221;true&#8221; size_tablet=&#8221;45&#8243; line_height=&#8221;95&#8243; font_weight=&#8221;bold&#8221; txt_transform=&#8221;uppercase&#8221; margin_bottom=&#8221;0&#8243; [&hellip;]<\/p>\n","protected":false},"author":3298,"featured_media":0,"parent":0,"menu_order":0,"comment_status":"closed","ping_status":"closed","template":"","meta":{"footnotes":""},"class_list":["post-6983","page","type-page","status-publish","hentry"],"publishpress_future_action":{"enabled":false,"date":"2026-05-07 07:56:50","action":"change-status","newStatus":"draft","terms":[],"taxonomy":"translation_priority","extraData":[]},"publishpress_future_workflow_manual_trigger":{"enabledWorkflows":[]},"_links":{"self":[{"href":"https:\/\/solapso.com\/pt-br\/wp-json\/wp\/v2\/pages\/6983","targetHints":{"allow":["GET"]}}],"collection":[{"href":"https:\/\/solapso.com\/pt-br\/wp-json\/wp\/v2\/pages"}],"about":[{"href":"https:\/\/solapso.com\/pt-br\/wp-json\/wp\/v2\/types\/page"}],"author":[{"embeddable":true,"href":"https:\/\/solapso.com\/pt-br\/wp-json\/wp\/v2\/users\/3298"}],"replies":[{"embeddable":true,"href":"https:\/\/solapso.com\/pt-br\/wp-json\/wp\/v2\/comments?post=6983"}],"version-history":[{"count":9,"href":"https:\/\/solapso.com\/pt-br\/wp-json\/wp\/v2\/pages\/6983\/revisions"}],"predecessor-version":[{"id":7061,"href":"https:\/\/solapso.com\/pt-br\/wp-json\/wp\/v2\/pages\/6983\/revisions\/7061"}],"wp:attachment":[{"href":"https:\/\/solapso.com\/pt-br\/wp-json\/wp\/v2\/media?parent=6983"}],"curies":[{"name":"wp","href":"https:\/\/api.w.org\/{rel}","templated":true}]}}