{"id":6904,"date":"2026-02-24T15:50:07","date_gmt":"2026-02-24T15:50:07","guid":{"rendered":"https:\/\/solapso.com\/delegados-de-solapsodi\/"},"modified":"2026-04-29T03:07:30","modified_gmt":"2026-04-29T03:07:30","slug":"delegados-de-solapsodi","status":"publish","type":"page","link":"https:\/\/solapso.com\/pt-br\/delegados-de-solapsodi\/","title":{"rendered":"Delegados de SOLAPSO+DI"},"content":{"rendered":"<div class=\"wpb-content-wrapper\">[mk_page_section bg_image=&#8221;https:\/\/solapso.com\/wp-content\/uploads\/2022\/01\/essential-events-1366&#215;420-1.png&#8221; bg_color=&#8221;rgba(123,123,123,0.48)&#8221; blend_mode=&#8221;multiply&#8221; bg_position=&#8221;center center&#8221; bg_repeat=&#8221;no-repeat&#8221; bg_stretch=&#8221;true&#8221; speed_factor=&#8221;0&#8243; video_opacity=&#8221;0&#8243; js_vertical_centered=&#8221;true&#8221; padding_top=&#8221;140&#8243; padding_bottom=&#8221;140&#8243; sidebar=&#8221;sidebar-1&#8243;][vc_column][mk_fancy_title tag_name=&#8221;h1&#8243; color=&#8221;#ffffff&#8221; size=&#8221;48&#8243; line_height=&#8221;90&#8243; font_weight=&#8221;bold&#8221; txt_transform=&#8221;uppercase&#8221; margin_bottom=&#8221;0&#8243; font_family=&#8221;Poppins&#8221; font_type=&#8221;google&#8221;]Delegados da SOLAPSO+DI[\/mk_fancy_title][\/vc_column][\/mk_page_section][vc_row css=&#8221;.vc_custom_1756062113520{margin-top: 100px !important;margin-bottom: 100px !important;}&#8221;][vc_column][vc_separator color=&#8221;custom&#8221; align=&#8221;align_left&#8221; border_width=&#8221;5&#8243; el_width=&#8221;10&#8243; css=&#8221;&#8221; accent_color=&#8221;#DD0316&#8243;][mk_fancy_title tag_name=&#8221;h1&#8243; color=&#8221;#666666&#8243; size=&#8221;20&#8243; force_font_size=&#8221;true&#8221; size_tablet=&#8221;18&#8243; size_phone=&#8221;18&#8243; line_height=&#8221;150&#8243; font_weight=&#8221;400&#8243; margin_bottom=&#8221;0&#8243; font_family=&#8221;Poppins&#8221; font_type=&#8221;google&#8221; responsive_align=&#8221;left&#8221;]Os delegados da SOLAPSO+DI colaboram no desenvolvimento de diretrizes, promovem o conhecimento sobre diagn\u00f3sticos e tratamentos e participam de pesquisas, garantindo a troca de informa\u00e7\u00f5es cl\u00ednicas entre dermatologistas da regi\u00e3o.[\/mk_fancy_title][\/vc_column][\/vc_row][vc_row][vc_column][mk_fancy_title tag_name=&#8221;h1&#8243; color=&#8221;#dd0316&#8243; size=&#8221;32&#8243; force_font_size=&#8221;true&#8221; size_tablet=&#8221;32&#8243; line_height=&#8221;95&#8243; font_weight=&#8221;bold&#8221; txt_transform=&#8221;uppercase&#8221; margin_bottom=&#8221;0&#8243; font_family=&#8221;Poppins&#8221; font_type=&#8221;google&#8221; responsive_align=&#8221;left&#8221;]Conhe\u00e7a os delegados de 2025\u20132026[\/mk_fancy_title][vc_separator color=&#8221;custom&#8221; align=&#8221;align_left&#8221; border_width=&#8221;5&#8243; el_width=&#8221;10&#8243; css=&#8221;&#8221; accent_color=&#8221;#DD0316&#8243;][mk_padding_divider size=&#8221;60&#8243;][\/vc_column][\/vc_row][vc_row][vc_column][mk_fancy_title tag_name=&#8221;h1&#8243; color=&#8221;#000000&#8243; size=&#8221;28&#8243; force_font_size=&#8221;true&#8221; size_tablet=&#8221;32&#8243; line_height=&#8221;95&#8243; font_weight=&#8221;400&#8243; txt_transform=&#8221;uppercase&#8221; margin_bottom=&#8221;0&#8243; font_family=&#8221;Poppins&#8221; font_type=&#8221;google&#8221; responsive_align=&#8221;left&#8221;]Argentina[\/mk_fancy_title][vc_separator color=&#8221;custom&#8221; align=&#8221;align_left&#8221; border_width=&#8221;5&#8243; el_width=&#8221;10&#8243; css=&#8221;&#8221; accent_color=&#8221;#DD0316&#8243;][mk_employees column=&#8221;4&#8243; rounded_image=&#8221;false&#8221; grayscale_image=&#8221;false&#8221; count=&#8221;35&#8243; order=&#8221;ASC&#8221; orderby=&#8221;post__in&#8221; employees=&#8221;5216, 6945, 6941, 6938, 6930&#8243;][\/vc_column][\/vc_row][vc_row][vc_column][mk_fancy_title tag_name=&#8221;h1&#8243; color=&#8221;#000000&#8243; size=&#8221;28&#8243; force_font_size=&#8221;true&#8221; size_tablet=&#8221;32&#8243; line_height=&#8221;95&#8243; font_weight=&#8221;400&#8243; txt_transform=&#8221;uppercase&#8221; margin_bottom=&#8221;0&#8243; font_family=&#8221;Poppins&#8221; font_type=&#8221;google&#8221; responsive_align=&#8221;left&#8221;]Brasil[\/mk_fancy_title][vc_separator color=&#8221;custom&#8221; align=&#8221;align_left&#8221; border_width=&#8221;5&#8243; el_width=&#8221;10&#8243; css=&#8221;&#8221; accent_color=&#8221;#DD0316&#8243;][mk_employees column=&#8221;4&#8243; rounded_image=&#8221;false&#8221; grayscale_image=&#8221;false&#8221; count=&#8221;35&#8243; order=&#8221;ASC&#8221; orderby=&#8221;post__in&#8221; employees=&#8221;5232, 5969, 6911, 5967, 5965&#8243;][\/vc_column][\/vc_row][vc_row][vc_column][mk_fancy_title tag_name=&#8221;h1&#8243; color=&#8221;#000000&#8243; size=&#8221;28&#8243; force_font_size=&#8221;true&#8221; size_tablet=&#8221;32&#8243; line_height=&#8221;95&#8243; font_weight=&#8221;400&#8243; txt_transform=&#8221;uppercase&#8221; margin_bottom=&#8221;0&#8243; font_family=&#8221;Poppins&#8221; font_type=&#8221;google&#8221; responsive_align=&#8221;left&#8221;]Chile[\/mk_fancy_title][vc_separator color=&#8221;custom&#8221; align=&#8221;align_left&#8221; border_width=&#8221;5&#8243; el_width=&#8221;10&#8243; css=&#8221;&#8221; accent_color=&#8221;#DD0316&#8243;][mk_employees column=&#8221;4&#8243; rounded_image=&#8221;false&#8221; grayscale_image=&#8221;false&#8221; count=&#8221;35&#8243; order=&#8221;ASC&#8221; orderby=&#8221;post__in&#8221; employees=&#8221;5031, 6977, 6931, 6974&#8243;][\/vc_column][\/vc_row][vc_row][vc_column][mk_fancy_title tag_name=&#8221;h1&#8243; color=&#8221;#000000&#8243; size=&#8221;28&#8243; force_font_size=&#8221;true&#8221; size_tablet=&#8221;32&#8243; line_height=&#8221;95&#8243; font_weight=&#8221;400&#8243; txt_transform=&#8221;uppercase&#8221; margin_bottom=&#8221;0&#8243; font_family=&#8221;Poppins&#8221; font_type=&#8221;google&#8221; responsive_align=&#8221;left&#8221;]Colombia[\/mk_fancy_title][vc_separator color=&#8221;custom&#8221; align=&#8221;align_left&#8221; border_width=&#8221;5&#8243; el_width=&#8221;10&#8243; css=&#8221;&#8221; accent_color=&#8221;#DD0316&#8243;][mk_employees column=&#8221;4&#8243; rounded_image=&#8221;false&#8221; grayscale_image=&#8221;false&#8221; count=&#8221;35&#8243; order=&#8221;ASC&#8221; orderby=&#8221;post__in&#8221; employees=&#8221;5012, 6964, 5974, 6948, 6923, 6920, 6918, 6913&#8243;][\/vc_column][\/vc_row][vc_row][vc_column][mk_fancy_title tag_name=&#8221;h1&#8243; color=&#8221;#000000&#8243; size=&#8221;28&#8243; force_font_size=&#8221;true&#8221; size_tablet=&#8221;32&#8243; line_height=&#8221;95&#8243; font_weight=&#8221;400&#8243; txt_transform=&#8221;uppercase&#8221; margin_bottom=&#8221;0&#8243; font_family=&#8221;Poppins&#8221; font_type=&#8221;google&#8221; responsive_align=&#8221;left&#8221;]Costa Rica[\/mk_fancy_title][vc_separator color=&#8221;custom&#8221; align=&#8221;align_left&#8221; border_width=&#8221;5&#8243; el_width=&#8221;10&#8243; css=&#8221;&#8221; accent_color=&#8221;#DD0316&#8243;][mk_employees column=&#8221;4&#8243; rounded_image=&#8221;false&#8221; grayscale_image=&#8221;false&#8221; count=&#8221;35&#8243; order=&#8221;ASC&#8221; orderby=&#8221;post__in&#8221; employees=&#8221;6543&#8243;][\/vc_column][\/vc_row][vc_row][vc_column][mk_fancy_title tag_name=&#8221;h1&#8243; color=&#8221;#000000&#8243; size=&#8221;28&#8243; force_font_size=&#8221;true&#8221; size_tablet=&#8221;32&#8243; line_height=&#8221;95&#8243; font_weight=&#8221;400&#8243; txt_transform=&#8221;uppercase&#8221; margin_bottom=&#8221;0&#8243; font_family=&#8221;Poppins&#8221; font_type=&#8221;google&#8221; responsive_align=&#8221;left&#8221;]Ecuador[\/mk_fancy_title][vc_separator color=&#8221;custom&#8221; align=&#8221;align_left&#8221; border_width=&#8221;5&#8243; el_width=&#8221;10&#8243; css=&#8221;&#8221; accent_color=&#8221;#DD0316&#8243;][mk_employees column=&#8221;4&#8243; rounded_image=&#8221;false&#8221; grayscale_image=&#8221;false&#8221; count=&#8221;35&#8243; order=&#8221;ASC&#8221; orderby=&#8221;post__in&#8221; employees=&#8221;5029, 6934&#8243;][\/vc_column][\/vc_row][vc_row][vc_column][mk_fancy_title tag_name=&#8221;h1&#8243; color=&#8221;#000000&#8243; size=&#8221;28&#8243; force_font_size=&#8221;true&#8221; size_tablet=&#8221;32&#8243; line_height=&#8221;95&#8243; font_weight=&#8221;400&#8243; txt_transform=&#8221;uppercase&#8221; margin_bottom=&#8221;0&#8243; font_family=&#8221;Poppins&#8221; font_type=&#8221;google&#8221; responsive_align=&#8221;left&#8221;]Guatemala[\/mk_fancy_title][vc_separator color=&#8221;custom&#8221; align=&#8221;align_left&#8221; border_width=&#8221;5&#8243; el_width=&#8221;10&#8243; css=&#8221;&#8221; accent_color=&#8221;#DD0316&#8243;][mk_employees column=&#8221;4&#8243; rounded_image=&#8221;false&#8221; grayscale_image=&#8221;false&#8221; count=&#8221;35&#8243; order=&#8221;ASC&#8221; orderby=&#8221;post__in&#8221; employees=&#8221;5191&#8243;][\/vc_column][\/vc_row][vc_row][vc_column][mk_fancy_title tag_name=&#8221;h1&#8243; color=&#8221;#000000&#8243; size=&#8221;28&#8243; force_font_size=&#8221;true&#8221; size_tablet=&#8221;32&#8243; line_height=&#8221;95&#8243; font_weight=&#8221;400&#8243; txt_transform=&#8221;uppercase&#8221; margin_bottom=&#8221;0&#8243; font_family=&#8221;Poppins&#8221; font_type=&#8221;google&#8221; responsive_align=&#8221;left&#8221;]Mexico[\/mk_fancy_title][vc_separator color=&#8221;custom&#8221; align=&#8221;align_left&#8221; border_width=&#8221;5&#8243; el_width=&#8221;10&#8243; css=&#8221;&#8221; accent_color=&#8221;#DD0316&#8243;][mk_employees column=&#8221;4&#8243; rounded_image=&#8221;false&#8221; grayscale_image=&#8221;false&#8221; count=&#8221;35&#8243; order=&#8221;ASC&#8221; orderby=&#8221;post__in&#8221; employees=&#8221;5200, 6925, 6922, 6917&#8243;][\/vc_column][\/vc_row][vc_row][vc_column][mk_fancy_title tag_name=&#8221;h1&#8243; color=&#8221;#000000&#8243; size=&#8221;28&#8243; force_font_size=&#8221;true&#8221; size_tablet=&#8221;32&#8243; line_height=&#8221;95&#8243; font_weight=&#8221;400&#8243; txt_transform=&#8221;uppercase&#8221; margin_bottom=&#8221;0&#8243; font_family=&#8221;Poppins&#8221; font_type=&#8221;google&#8221; responsive_align=&#8221;left&#8221;]Paraguay[\/mk_fancy_title][vc_separator color=&#8221;custom&#8221; align=&#8221;align_left&#8221; border_width=&#8221;5&#8243; el_width=&#8221;10&#8243; css=&#8221;&#8221; accent_color=&#8221;#DD0316&#8243;][mk_employees column=&#8221;4&#8243; rounded_image=&#8221;false&#8221; grayscale_image=&#8221;false&#8221; count=&#8221;35&#8243; order=&#8221;ASC&#8221; orderby=&#8221;post__in&#8221; employees=&#8221;5246&#8243;][\/vc_column][\/vc_row][vc_row][vc_column][mk_fancy_title tag_name=&#8221;h1&#8243; color=&#8221;#000000&#8243; size=&#8221;28&#8243; force_font_size=&#8221;true&#8221; size_tablet=&#8221;32&#8243; line_height=&#8221;95&#8243; font_weight=&#8221;400&#8243; txt_transform=&#8221;uppercase&#8221; margin_bottom=&#8221;0&#8243; font_family=&#8221;Poppins&#8221; font_type=&#8221;google&#8221; responsive_align=&#8221;left&#8221;]Per\u00fa[\/mk_fancy_title][vc_separator color=&#8221;custom&#8221; align=&#8221;align_left&#8221; border_width=&#8221;5&#8243; el_width=&#8221;10&#8243; css=&#8221;&#8221; accent_color=&#8221;#DD0316&#8243;][mk_employees column=&#8221;4&#8243; rounded_image=&#8221;false&#8221; grayscale_image=&#8221;false&#8221; count=&#8221;35&#8243; order=&#8221;ASC&#8221; orderby=&#8221;post__in&#8221; employees=&#8221;6533&#8243;][\/vc_column][\/vc_row][vc_row][vc_column][mk_fancy_title tag_name=&#8221;h1&#8243; color=&#8221;#000000&#8243; size=&#8221;28&#8243; force_font_size=&#8221;true&#8221; size_tablet=&#8221;32&#8243; line_height=&#8221;95&#8243; font_weight=&#8221;400&#8243; txt_transform=&#8221;uppercase&#8221; margin_bottom=&#8221;0&#8243; font_family=&#8221;Poppins&#8221; font_type=&#8221;google&#8221; responsive_align=&#8221;left&#8221;]Republica Dominicana[\/mk_fancy_title][vc_separator color=&#8221;custom&#8221; align=&#8221;align_left&#8221; border_width=&#8221;5&#8243; el_width=&#8221;10&#8243; css=&#8221;&#8221; accent_color=&#8221;#DD0316&#8243;][mk_employees column=&#8221;4&#8243; rounded_image=&#8221;false&#8221; grayscale_image=&#8221;false&#8221; count=&#8221;35&#8243; order=&#8221;ASC&#8221; orderby=&#8221;post__in&#8221; employees=&#8221;6606&#8243;][\/vc_column][\/vc_row][vc_row][vc_column][mk_fancy_title tag_name=&#8221;h1&#8243; color=&#8221;#000000&#8243; size=&#8221;28&#8243; force_font_size=&#8221;true&#8221; size_tablet=&#8221;32&#8243; line_height=&#8221;95&#8243; font_weight=&#8221;400&#8243; txt_transform=&#8221;uppercase&#8221; margin_bottom=&#8221;0&#8243; font_family=&#8221;Poppins&#8221; font_type=&#8221;google&#8221; responsive_align=&#8221;left&#8221;]Uruguay[\/mk_fancy_title][vc_separator color=&#8221;custom&#8221; align=&#8221;align_left&#8221; border_width=&#8221;5&#8243; el_width=&#8221;10&#8243; css=&#8221;&#8221; accent_color=&#8221;#DD0316&#8243;][mk_employees column=&#8221;4&#8243; rounded_image=&#8221;false&#8221; grayscale_image=&#8221;false&#8221; count=&#8221;35&#8243; order=&#8221;ASC&#8221; orderby=&#8221;post__in&#8221; employees=&#8221;6588&#8243;][\/vc_column][\/vc_row][vc_row][vc_column][mk_fancy_title tag_name=&#8221;h1&#8243; color=&#8221;#000000&#8243; size=&#8221;28&#8243; force_font_size=&#8221;true&#8221; size_tablet=&#8221;32&#8243; line_height=&#8221;95&#8243; font_weight=&#8221;400&#8243; txt_transform=&#8221;uppercase&#8221; margin_bottom=&#8221;0&#8243; font_family=&#8221;Poppins&#8221; font_type=&#8221;google&#8221; responsive_align=&#8221;left&#8221;]Venezuela[\/mk_fancy_title][vc_separator color=&#8221;custom&#8221; align=&#8221;align_left&#8221; border_width=&#8221;5&#8243; el_width=&#8221;10&#8243; css=&#8221;&#8221; accent_color=&#8221;#DD0316&#8243;][mk_employees column=&#8221;4&#8243; rounded_image=&#8221;false&#8221; grayscale_image=&#8221;false&#8221; count=&#8221;35&#8243; offset=&#8221;0&#8243; order=&#8221;ASC&#8221; orderby=&#8221;post__in&#8221; employees=&#8221;6570, 6928&#8243;][\/vc_column][\/vc_row]\n<\/div>","protected":false},"excerpt":{"rendered":"<p>[mk_page_section bg_image=&#8221;https:\/\/solapso.com\/wp-content\/uploads\/2022\/01\/essential-events-1366&#215;420-1.png&#8221; bg_color=&#8221;rgba(123,123,123,0.48)&#8221; blend_mode=&#8221;multiply&#8221; bg_position=&#8221;center center&#8221; bg_repeat=&#8221;no-repeat&#8221; bg_stretch=&#8221;true&#8221; speed_factor=&#8221;0&#8243; video_opacity=&#8221;0&#8243; js_vertical_centered=&#8221;true&#8221; padding_top=&#8221;140&#8243; padding_bottom=&#8221;140&#8243; sidebar=&#8221;sidebar-1&#8243;][vc_column][mk_fancy_title tag_name=&#8221;h1&#8243; color=&#8221;#ffffff&#8221; size=&#8221;48&#8243; line_height=&#8221;90&#8243; font_weight=&#8221;bold&#8221; txt_transform=&#8221;uppercase&#8221; margin_bottom=&#8221;0&#8243; font_family=&#8221;Poppins&#8221; font_type=&#8221;google&#8221;]Delegados da SOLAPSO+DI[\/mk_fancy_title][\/vc_column][\/mk_page_section][vc_row css=&#8221;.vc_custom_1756062113520{margin-top: 100px !important;margin-bottom: 100px !important;}&#8221;][vc_column][vc_separator [&hellip;]<\/p>\n","protected":false},"author":3298,"featured_media":0,"parent":0,"menu_order":0,"comment_status":"closed","ping_status":"closed","template":"","meta":{"footnotes":""},"class_list":["post-6904","page","type-page","status-publish","hentry"],"publishpress_future_action":{"enabled":false,"date":"2026-05-12 14:18:17","action":"change-status","newStatus":"draft","terms":[],"taxonomy":"translation_priority","extraData":[]},"publishpress_future_workflow_manual_trigger":{"enabledWorkflows":[]},"_links":{"self":[{"href":"https:\/\/solapso.com\/pt-br\/wp-json\/wp\/v2\/pages\/6904","targetHints":{"allow":["GET"]}}],"collection":[{"href":"https:\/\/solapso.com\/pt-br\/wp-json\/wp\/v2\/pages"}],"about":[{"href":"https:\/\/solapso.com\/pt-br\/wp-json\/wp\/v2\/types\/page"}],"author":[{"embeddable":true,"href":"https:\/\/solapso.com\/pt-br\/wp-json\/wp\/v2\/users\/3298"}],"replies":[{"embeddable":true,"href":"https:\/\/solapso.com\/pt-br\/wp-json\/wp\/v2\/comments?post=6904"}],"version-history":[{"count":4,"href":"https:\/\/solapso.com\/pt-br\/wp-json\/wp\/v2\/pages\/6904\/revisions"}],"predecessor-version":[{"id":7096,"href":"https:\/\/solapso.com\/pt-br\/wp-json\/wp\/v2\/pages\/6904\/revisions\/7096"}],"wp:attachment":[{"href":"https:\/\/solapso.com\/pt-br\/wp-json\/wp\/v2\/media?parent=6904"}],"curies":[{"name":"wp","href":"https:\/\/api.w.org\/{rel}","templated":true}]}}