{"id":6364,"date":"2026-04-23T14:19:47","date_gmt":"2026-04-23T14:19:47","guid":{"rendered":"https:\/\/solapso.com\/?page_id=6364"},"modified":"2026-04-23T14:33:53","modified_gmt":"2026-04-23T14:33:53","slug":"psoriasis-beyond-the-skin-immunometabolism-and-cardiometabolic-risk","status":"publish","type":"page","link":"https:\/\/solapso.com\/pt-br\/psoriasis-beyond-the-skin-immunometabolism-and-cardiometabolic-risk\/","title":{"rendered":"Psoriasis Beyond the Skin: Immunometabolism and Cardiometabolic Risk"},"content":{"rendered":"<div class=\"wpb-content-wrapper\">[mk_page_section bg_image=&#8221;https:\/\/solapso.com\/wp-content\/uploads\/2026\/04\/banner-simposio-ipc-port.png&#8221; blend_mode=&#8221;multiply&#8221; bg_position=&#8221;center center&#8221; bg_repeat=&#8221;no-repeat&#8221; bg_stretch=&#8221;true&#8221; speed_factor=&#8221;0&#8243; video_opacity=&#8221;0&#8243; min_height=&#8221;100&#8243; js_vertical_centered=&#8221;true&#8221; padding_top=&#8221;0&#8243; padding_bottom=&#8221;140&#8243; margin_bottom=&#8221;0&#8243; sidebar=&#8221;sidebar-1&#8243;][vc_column][mk_padding_divider size=&#8221;430&#8243;][\/vc_column][\/mk_page_section][vc_row css=&#8221;.vc_custom_1769613428158{margin-top: 100px !important;margin-bottom: 100px !important;}&#8221;][vc_column][vc_column_text disable_pattern=&#8221;false&#8221; margin_bottom=&#8221;0&#8243; css=&#8221;.vc_custom_1776954831713{margin-bottom: 0px !important;padding-right: 80px !important;}&#8221;]<span style=\"font-size: 14pt;\">O simp\u00f3sio <strong>Psoriasis Beyond the Skin: Immunometabolism and <\/strong><strong>Cardiometabolic Risk<\/strong>, promovido pelo International Psoriasis Council (IPC), ser\u00e1 realizado no dia 5 de junho, durante o 5\u00ba Congresso da Solapso e 4\u00ba Imuno&amp;amp;Derma, exclusivo para participantes do evento. Veja abaixo a programa\u00e7\u00e3o. <a href=\"https:\/\/solapso.com\/pt-br\/congresso-solapso-2026\/\">Inscreva-se no Congresso<\/a> e garanta seu lugar.<\/span><\/p>\n<p><span style=\"font-size: 14pt;\"><strong>Coordenadores do Programa Cient\u00edfico<\/strong><\/span><\/p>\n<p><span style=\"font-size: 14pt;\">Andr\u00e9 Carvalho, MD, PhD \u2013 Hospital Moinhos de Vento, Porto Alegre, Brasil<\/span><br \/>\n<span style=\"font-size: 14pt;\">Maria Victoria Suarez Restrepo, MD \u2013 Hospital do Servidor P\u00fablico Manicipal<\/span><br \/>\n<span style=\"font-size: 14pt;\">de S\u00e3o Paulo, S\u00e3o Paulo, Brasil<\/span><br \/>\n<span style=\"font-size: 14pt;\">Faculty<\/span><br \/>\n<span style=\"font-size: 14pt;\">Claudia de la Cruz, MD \u2013 Cl\u00ednica Dermacross, Santiago, Chile<\/span><br \/>\n<span style=\"font-size: 14pt;\">Cristina Echeverr\u00eda, MD \u2013 Instituto de Reabilita\u00e7\u00e3o Psicof\u00edsica (IREP), Buenos<\/span><br \/>\n<span style=\"font-size: 14pt;\">Aires, Argentina<\/span><br \/>\n<span style=\"font-size: 14pt;\">Benjamin Hidalo Matlock, MD \u2013 M\u00e9dicos de cuidados com a pele da Costa<\/span><br \/>\n<span style=\"font-size: 14pt;\">Rica, San Jose, Costa Rica<\/span><\/p>\n<p><span style=\"font-size: 14pt;\"><strong>AGENDA<\/strong><\/span><\/p>\n<ul>\n<li><span style=\"font-size: 14pt;\">13h15-13h25 Welcome coffee e Introdu\u00e7\u00e3o<\/span><br \/>\n<span style=\"font-size: 14pt;\">Andr\u00e9 Carvalho, MD, PhD \u2013 Hospital Moinhos de Vento, Porto Alegre, Brasil<\/span><\/li>\n<li><span style=\"font-size: 14pt;\">13h25-13h50 Imunometabolismo na psor\u00edase e a rela\u00e7\u00e3o com doen\u00e7as <\/span><span style=\"font-size: 14pt;\">cardiometab\u00f3licas <\/span><br \/>\n<span style=\"font-size: 14pt;\">Benjamin Hidalo Matlock, MD \u2013 Cuidados com a pele M\u00e9dicos da Costa Rica, San Jos\u00e9, Costa Rica<\/span><\/li>\n<li><span style=\"font-size: 14pt;\">13h50-14h15 Obesidade e falta de resposta: qual \u00e9 a rela\u00e7\u00e3o?<\/span><br \/>\n<span style=\"font-size: 14pt;\">Cristina Echeverr\u00eda, MD \u2013 Instituto de Reabilita\u00e7\u00e3o Psicof\u00edsica (IREP), Buenos Aires, Argentina<\/span><\/li>\n<li><span style=\"font-size: 14pt;\">14h15-14h40 O papel do dermatologista na abordagem da doen\u00e7a <\/span><span style=\"font-size: 14pt;\">cardiometab\u00f3lica<\/span><br \/>\n<span style=\"font-size: 14pt;\">Claudia de la Cruz, MD \u2013 Cl\u00ednica Dermacross, Santiago, Chile<\/span><\/li>\n<li><span style=\"font-size: 14pt;\">14h40-14h45 Considera\u00e7\u00f5es finais<\/span><br \/>\n<span style=\"font-size: 14pt;\">Maria Victoria Suarez Restrepo, M\u00e9dica \u2013 Hospital do Servidor P\u00fablico<\/span><br \/>\n<span style=\"font-size: 14pt;\">Manicipal de S\u00e3o Paulo, S\u00e3o Paulo, Brasil<\/span><\/li>\n<\/ul>\n[\/vc_column_text][\/vc_column][\/vc_row]\n<\/div>","protected":false},"excerpt":{"rendered":"<p>[mk_page_section bg_image=&#8221;https:\/\/solapso.com\/wp-content\/uploads\/2026\/04\/banner-simposio-ipc-port.png&#8221; blend_mode=&#8221;multiply&#8221; bg_position=&#8221;center center&#8221; bg_repeat=&#8221;no-repeat&#8221; bg_stretch=&#8221;true&#8221; speed_factor=&#8221;0&#8243; video_opacity=&#8221;0&#8243; min_height=&#8221;100&#8243; js_vertical_centered=&#8221;true&#8221; padding_top=&#8221;0&#8243; padding_bottom=&#8221;140&#8243; margin_bottom=&#8221;0&#8243; sidebar=&#8221;sidebar-1&#8243;][vc_column][mk_padding_divider size=&#8221;430&#8243;][\/vc_column][\/mk_page_section][vc_row css=&#8221;.vc_custom_1769613428158{margin-top: 100px !important;margin-bottom: 100px !important;}&#8221;][vc_column][vc_column_text disable_pattern=&#8221;false&#8221; margin_bottom=&#8221;0&#8243; css=&#8221;.vc_custom_1776954831713{margin-bottom: 0px !important;padding-right: 80px !important;}&#8221;]O simp\u00f3sio Psoriasis Beyond the Skin: Immunometabolism and Cardiometabolic Risk, promovido pelo International Psoriasis Council (IPC), ser\u00e1 realizado no dia 5 de junho, durante o 5\u00ba Congresso da [&hellip;]<\/p>\n","protected":false},"author":3298,"featured_media":0,"parent":0,"menu_order":0,"comment_status":"closed","ping_status":"closed","template":"","meta":{"footnotes":""},"class_list":["post-6364","page","type-page","status-publish","hentry"],"publishpress_future_action":{"enabled":false,"date":"2026-05-01 16:06:10","action":"change-status","newStatus":"draft","terms":[],"taxonomy":"translation_priority","extraData":[]},"publishpress_future_workflow_manual_trigger":{"enabledWorkflows":[]},"_links":{"self":[{"href":"https:\/\/solapso.com\/pt-br\/wp-json\/wp\/v2\/pages\/6364","targetHints":{"allow":["GET"]}}],"collection":[{"href":"https:\/\/solapso.com\/pt-br\/wp-json\/wp\/v2\/pages"}],"about":[{"href":"https:\/\/solapso.com\/pt-br\/wp-json\/wp\/v2\/types\/page"}],"author":[{"embeddable":true,"href":"https:\/\/solapso.com\/pt-br\/wp-json\/wp\/v2\/users\/3298"}],"replies":[{"embeddable":true,"href":"https:\/\/solapso.com\/pt-br\/wp-json\/wp\/v2\/comments?post=6364"}],"version-history":[{"count":9,"href":"https:\/\/solapso.com\/pt-br\/wp-json\/wp\/v2\/pages\/6364\/revisions"}],"predecessor-version":[{"id":6374,"href":"https:\/\/solapso.com\/pt-br\/wp-json\/wp\/v2\/pages\/6364\/revisions\/6374"}],"wp:attachment":[{"href":"https:\/\/solapso.com\/pt-br\/wp-json\/wp\/v2\/media?parent=6364"}],"curies":[{"name":"wp","href":"https:\/\/api.w.org\/{rel}","templated":true}]}}