{"id":6279,"date":"2026-01-30T14:13:35","date_gmt":"2026-01-30T14:13:35","guid":{"rendered":"https:\/\/solapso.com\/hazte-miembro\/"},"modified":"2026-02-09T14:00:10","modified_gmt":"2026-02-09T14:00:10","slug":"associe-se-a-solapso-di","status":"publish","type":"page","link":"https:\/\/solapso.com\/pt-br\/associe-se-a-solapso-di\/","title":{"rendered":"Associe-se \u00e0 SOLAPSO + DI!"},"content":{"rendered":"<div class=\"wpb-content-wrapper\">[mk_page_section bg_image=&#8221;https:\/\/solapso.com\/wp-content\/uploads\/2022\/01\/essential-events-1366&#215;420-1.png&#8221; bg_color=&#8221;rgba(123,123,123,0.48)&#8221; blend_mode=&#8221;multiply&#8221; bg_position=&#8221;center center&#8221; bg_repeat=&#8221;no-repeat&#8221; bg_stretch=&#8221;true&#8221; video_opacity=&#8221;0.9&#8243; js_vertical_centered=&#8221;true&#8221; padding_top=&#8221;0&#8243; padding_bottom=&#8221;140&#8243; sidebar=&#8221;sidebar-1&#8243;][vc_column][mk_padding_divider size=&#8221;120&#8243;][mk_fancy_title tag_name=&#8221;h5&#8243; color=&#8221;#ffffff&#8221; size=&#8221;24&#8243; line_height=&#8221;90&#8243; font_weight=&#8221;400&#8243; txt_transform=&#8221;uppercase&#8221; margin_bottom=&#8221;0&#8243; font_family=&#8221;Poppins&#8221; font_type=&#8221;google&#8221;]Seja um Membro[\/mk_fancy_title][mk_fancy_title tag_name=&#8221;h1&#8243; color=&#8221;#ffffff&#8221; size=&#8221;46&#8243; force_font_size=&#8221;true&#8221; size_tablet=&#8221;35&#8243; line_height=&#8221;105&#8243; font_weight=&#8221;bold&#8221; txt_transform=&#8221;uppercase&#8221; margin_bottom=&#8221;0&#8243; font_family=&#8221;Poppins&#8221; font_type=&#8221;google&#8221;]Associe-se \u00e0 SOLAPSO + DI![\/mk_fancy_title][\/vc_column][\/mk_page_section][vc_row css=&#8221;.vc_custom_1756062113520{margin-top: 100px !important;margin-bottom: 100px !important;}&#8221;][vc_column][vc_separator color=&#8221;custom&#8221; align=&#8221;align_left&#8221; border_width=&#8221;5&#8243; el_width=&#8221;10&#8243; css=&#8221;&#8221; accent_color=&#8221;#DD0316&#8243;][mk_fancy_title tag_name=&#8221;h1&#8243; color=&#8221;#666666&#8243; size=&#8221;20&#8243; force_font_size=&#8221;true&#8221; size_tablet=&#8221;18&#8243; size_phone=&#8221;18&#8243; line_height=&#8221;150&#8243; font_weight=&#8221;400&#8243; margin_bottom=&#8221;0&#8243; font_family=&#8221;Poppins&#8221; font_type=&#8221;google&#8221; responsive_align=&#8221;left&#8221;]Fa\u00e7a parte de uma rede de especialistas comprometidos com o avan\u00e7o da Imunodermatologia na Am\u00e9rica Latina. Podem se associar m\u00e9dicos com t\u00edtulo de especialista em Dermatologia.[\/mk_fancy_title][\/vc_column][\/vc_row][vc_row fullwidth=&#8221;true&#8221; fullwidth_content=&#8221;false&#8221; css=&#8221;.vc_custom_1770645331061{padding-top: 100px !important;padding-right: 40px !important;padding-bottom: 100px !important;padding-left: 40px !important;background-color: #FAEFED !important;}&#8221;][vc_column][mk_icon_box icon=&#8221;mk-moon-diamond&#8221; title=&#8221;Beneficios exclusivos:&#8221; text_size=&#8221;48&#8243; font_weight=&#8221;bold&#8221; icon_size=&#8221;x-large&#8221; icon_color=&#8221;#dd0316&#8243; icon_circle_color=&#8221;&#8221; title_color=&#8221;#dd0316&#8243; margin=&#8221;0&#8243;][\/mk_icon_box][vc_separator color=&#8221;custom&#8221; align=&#8221;align_left&#8221; border_width=&#8221;5&#8243; el_width=&#8221;10&#8243; css=&#8221;&#8221; accent_color=&#8221;#DD0316&#8243;][mk_fancy_title tag_name=&#8221;h1&#8243; color=&#8221;#666666&#8243; size=&#8221;20&#8243; force_font_size=&#8221;true&#8221; size_tablet=&#8221;18&#8243; size_phone=&#8221;18&#8243; line_height=&#8221;150&#8243; font_weight=&#8221;400&#8243; margin_bottom=&#8221;0&#8243; font_family=&#8221;Poppins&#8221; font_type=&#8221;google&#8221; responsive_align=&#8221;left&#8221;]\n<ul>\n<li>Acesso a confer\u00eancias, simp\u00f3sios e reuni\u00f5es cient\u00edficas exclusivas;<\/li>\n<li>Conex\u00e3o com especialistas e l\u00edderes da Dermatologia;<\/li>\n<li>Oportunidades de educa\u00e7\u00e3o continuada e treinamento m\u00e9dico;<\/li>\n<li>Acesso a publica\u00e7\u00f5es cient\u00edficas e pesquisas de especialistas renomados.<\/li>\n<\/ul>\n[\/mk_fancy_title][\/vc_column][\/vc_row][vc_row][vc_column][mk_padding_divider size=&#8221;60&#8243;][mk_fancy_title tag_name=&#8221;h1&#8243; color=&#8221;#dd0316&#8243; size=&#8221;46&#8243; force_font_size=&#8221;true&#8221; size_tablet=&#8221;35&#8243; size_phone=&#8221;36&#8243; line_height=&#8221;105&#8243; font_weight=&#8221;bold&#8221; txt_transform=&#8221;uppercase&#8221; margin_bottom=&#8221;0&#8243; font_family=&#8221;Poppins&#8221; font_type=&#8221;google&#8221; responsive_align=&#8221;left&#8221;]Como se associar?[\/mk_fancy_title][vc_separator color=&#8221;custom&#8221; align=&#8221;align_left&#8221; border_width=&#8221;5&#8243; el_width=&#8221;10&#8243; css=&#8221;&#8221; accent_color=&#8221;#DD0316&#8243;][mk_fancy_title tag_name=&#8221;h1&#8243; color=&#8221;#666666&#8243; size=&#8221;20&#8243; force_font_size=&#8221;true&#8221; size_smallscreen=&#8221;0&#8243; size_tablet=&#8221;18&#8243; size_phone=&#8221;18&#8243; line_height=&#8221;175&#8243; font_weight=&#8221;400&#8243; letter_spacing=&#8221;0&#8243; margin_top=&#8221;0&#8243; margin_bottom=&#8221;0&#8243; font_family=&#8221;Poppins&#8221; font_type=&#8221;google&#8221; responsive_align=&#8221;left&#8221;]Para se tornar associado, envie-nos um mini curr\u00edculo e seu certificado de dermatologista.[\/mk_fancy_title]\n<div class=\"wpcf7 no-js\" id=\"wpcf7-f6287-o1\" lang=\"pt-BR\" dir=\"ltr\" data-wpcf7-id=\"6287\">\n<div class=\"screen-reader-response\"><p role=\"status\" aria-live=\"polite\" aria-atomic=\"true\"><\/p> <ul><\/ul><\/div>\n<form action=\"\/pt-br\/wp-json\/wp\/v2\/pages\/6279#wpcf7-f6287-o1\" method=\"post\" class=\"wpcf7-form init\" aria-label=\"Formul\u00e1rios de contato\" novalidate=\"novalidate\" data-status=\"init\">\n<fieldset class=\"hidden-fields-container\"><input type=\"hidden\" name=\"_wpcf7\" value=\"6287\" \/><input type=\"hidden\" name=\"_wpcf7_version\" value=\"6.1.5\" \/><input type=\"hidden\" name=\"_wpcf7_locale\" value=\"pt_BR\" \/><input type=\"hidden\" name=\"_wpcf7_unit_tag\" value=\"wpcf7-f6287-o1\" \/><input type=\"hidden\" name=\"_wpcf7_container_post\" value=\"0\" \/><input type=\"hidden\" name=\"_wpcf7_posted_data_hash\" value=\"\" \/><input type=\"hidden\" name=\"_wpcf7_recaptcha_response\" value=\"\" \/>\n<\/fieldset>\n<div  class=\"wrapper\">\n\t<div class=\"item\">\n\t\t<p>Nome completo\n\t\t<\/p>\n\t\t<p><span class=\"wpcf7-form-control-wrap\" data-name=\"your-name\"><input size=\"40\" maxlength=\"400\" class=\"wpcf7-form-control wpcf7-text wpcf7-validates-as-required\" autocomplete=\"name\" aria-required=\"true\" aria-invalid=\"false\" value=\"\" type=\"text\" name=\"your-name\" \/><\/span>\n\t\t<\/p>\n\t<\/div>\n\t<div class=\"item\">\n\t\t<p>Nacionalidade\n\t\t<\/p>\n\t\t<p><span class=\"wpcf7-form-control-wrap\" data-name=\"nacionalidad\"><input size=\"40\" maxlength=\"400\" class=\"wpcf7-form-control wpcf7-text wpcf7-validates-as-required\" aria-required=\"true\" aria-invalid=\"false\" value=\"\" type=\"text\" name=\"nacionalidad\" \/><\/span>\n\t\t<\/p>\n\t<\/div>\n<\/div>\n<div  class=\"wrapper\">\n\t<div class=\"item\">\n\t\t<p>Telefone Celular com DDI\n\t\t<\/p>\n\t\t<p><span class=\"wpcf7-form-control-wrap\" data-name=\"phone\"><input size=\"40\" maxlength=\"400\" class=\"wpcf7-form-control wpcf7-tel wpcf7-validates-as-required wpcf7-text wpcf7-validates-as-tel\" aria-required=\"true\" aria-invalid=\"false\" value=\"\" type=\"tel\" name=\"phone\" \/><\/span>\n\t\t<\/p>\n\t<\/div>\n\t<div class=\"item\">\n\t\t<p>E-mail\n\t\t<\/p>\n\t\t<p><span class=\"wpcf7-form-control-wrap\" data-name=\"your-email\"><input size=\"40\" maxlength=\"400\" class=\"wpcf7-form-control wpcf7-email wpcf7-validates-as-required wpcf7-text wpcf7-validates-as-email\" autocomplete=\"email\" aria-required=\"true\" aria-invalid=\"false\" value=\"\" type=\"email\" name=\"your-email\" \/><\/span>\n\t\t<\/p>\n\t<\/div>\n<\/div>\n<div  class=\"wrapper\">\n\t<div class=\"item\">\n\t\t<p>Curriculum Vitae\n\t\t<\/p>\n\t\t<p><span class=\"wpcf7-form-control-wrap\" data-name=\"curriculum\"><input size=\"40\" class=\"wpcf7-form-control wpcf7-drag-n-drop-file d-none\" aria-invalid=\"false\" type=\"file\" multiple=\"multiple\" data-name=\"curriculum\" data-id=\"6287\" data-version=\"free version 1.3.9.5\" accept=\".\" \/><\/span>\n\t\t<\/p>\n\t<\/div>\n\t<div class=\"item\">\n\t\t<p>Certificado de dermatologista\n\t\t<\/p>\n\t\t<p><span class=\"wpcf7-form-control-wrap\" data-name=\"certificado\"><input size=\"40\" class=\"wpcf7-form-control wpcf7-drag-n-drop-file d-none\" aria-invalid=\"false\" type=\"file\" multiple=\"multiple\" data-name=\"certificado\" data-id=\"6287\" data-version=\"free version 1.3.9.5\" accept=\".\" \/><\/span>\n\t\t<\/p>\n\t<\/div>\n<\/div>\n<div>\n\t<p><input class=\"wpcf7-form-control wpcf7-submit has-spinner\" type=\"submit\" value=\"Enviar\" \/>\n\t<\/p>\n<\/div><div class=\"wpcf7-response-output\" aria-hidden=\"true\"><\/div>\n<\/form>\n<\/div>\n[mk_padding_divider size=&#8221;60&#8243;][\/vc_column][\/vc_row][mk_page_section bg_image=&#8221;https:\/\/solapso.com\/wp-content\/uploads\/2022\/01\/latinoamerica.jpg&#8221; bg_position=&#8221;center center&#8221; bg_repeat=&#8221;no-repeat&#8221; bg_stretch=&#8221;true&#8221; video_color_mask=&#8221;#ed6d7c&#8221; video_opacity=&#8221;0.3&#8243; padding_top=&#8221;40&#8243; padding_bottom=&#8221;20&#8243; sidebar=&#8221;sidebar-1&#8243;][vc_column][vc_column_text disable_pattern=&#8221;false&#8221; margin_bottom=&#8221;5&#8243; animation=&#8221;top-to-bottom&#8221; css=&#8221;.vc_custom_1641324025334{margin-bottom: 5px !important;}&#8221;]Sociedad Latinoamericana de Psoriasis[\/vc_column_text][mk_fancy_title tag_name=&#8221;h3&#8243; color=&#8221;#ffffff&#8221; size=&#8221;86&#8243; force_font_size=&#8221;true&#8221; size_tablet=&#8221;40&#8243; font_weight=&#8221;400&#8243; txt_transform=&#8221;none&#8221; margin_bottom=&#8221;30&#8243; font_family=&#8221;Poppins&#8221; font_type=&#8221;google&#8221; animation=&#8221;top-to-bottom&#8221;]Solapso[\/mk_fancy_title][vc_row_inner][vc_column_inner width=&#8221;2\/3&#8243;][vc_column_text disable_pattern=&#8221;false&#8221; margin_bottom=&#8221;80&#8243; css=&#8221;.vc_custom_1641324007369{margin-bottom: 80px !important;}&#8221;]\n<p>La mayor red de profesionales especializados en psoriasis en toda latinoamerica.<\/p>\n[\/vc_column_text][\/vc_column_inner][vc_column_inner width=&#8221;1\/3&#8243;][\/vc_column_inner][\/vc_row_inner][vc_row_inner][vc_column_inner width=&#8221;1\/4&#8243;][mk_milestone icon=&#8221;mk-icon-user-md&#8221; icon_size=&#8221;medium&#8221; align=&#8221;center&#8221; icon_color=&#8221;#ffffff&#8221; stop=&#8221;500&#8243; speed=&#8221;4000&#8243; prefix=&#8221;+&#8221; text=&#8221;PROFESIONALES&#8221; text_color=&#8221;#ffffff&#8221; text_size=&#8221;18&#8243; font_family=&#8221;Poppins&#8221; font_type=&#8221;google&#8221;][mk_padding_divider visibility=&#8221;visible-sm&#8221;][\/vc_column_inner][vc_column_inner width=&#8221;1\/4&#8243;][mk_milestone icon=&#8221;mk-moon-aid&#8221; icon_size=&#8221;medium&#8221; align=&#8221;center&#8221; icon_color=&#8221;#ffffff&#8221; stop=&#8221;6&#8243; speed=&#8221;4000&#8243; text=&#8221;ESPECIALIDADES&#8221; text_color=&#8221;#ffffff&#8221; text_size=&#8221;18&#8243; font_family=&#8221;Poppins&#8221; font_type=&#8221;google&#8221;][mk_padding_divider visibility=&#8221;visible-sm&#8221;][\/vc_column_inner][vc_column_inner width=&#8221;1\/4&#8243;][mk_milestone icon=&#8221;mk-moon-flag&#8221; icon_size=&#8221;medium&#8221; align=&#8221;center&#8221; icon_color=&#8221;#ffffff&#8221; stop=&#8221;20&#8243; speed=&#8221;3000&#8243; text=&#8221;PAISES&#8221; text_color=&#8221;#ffffff&#8221; text_size=&#8221;18&#8243; font_family=&#8221;Poppins&#8221; font_type=&#8221;google&#8221;][mk_padding_divider visibility=&#8221;visible-sm&#8221;][\/vc_column_inner][vc_column_inner width=&#8221;1\/4&#8243;][mk_milestone icon=&#8221;mk-moon-bubbles-2&#8243; icon_size=&#8221;medium&#8221; align=&#8221;center&#8221; icon_color=&#8221;#ffffff&#8221; stop=&#8221;7&#8243; speed=&#8221;6000&#8243; text=&#8221;CONGRESOS&#8221; text_color=&#8221;#ffffff&#8221; text_size=&#8221;18&#8243; font_family=&#8221;Poppins&#8221; font_type=&#8221;google&#8221;][\/vc_column_inner][\/vc_row_inner][\/vc_column][\/mk_page_section]\n<\/div>","protected":false},"excerpt":{"rendered":"<p>[mk_page_section bg_image=&#8221;https:\/\/solapso.com\/wp-content\/uploads\/2022\/01\/essential-events-1366&#215;420-1.png&#8221; bg_color=&#8221;rgba(123,123,123,0.48)&#8221; blend_mode=&#8221;multiply&#8221; bg_position=&#8221;center center&#8221; bg_repeat=&#8221;no-repeat&#8221; bg_stretch=&#8221;true&#8221; video_opacity=&#8221;0.9&#8243; js_vertical_centered=&#8221;true&#8221; padding_top=&#8221;0&#8243; padding_bottom=&#8221;140&#8243; sidebar=&#8221;sidebar-1&#8243;][vc_column][mk_padding_divider size=&#8221;120&#8243;][mk_fancy_title tag_name=&#8221;h5&#8243; color=&#8221;#ffffff&#8221; size=&#8221;24&#8243; line_height=&#8221;90&#8243; font_weight=&#8221;400&#8243; txt_transform=&#8221;uppercase&#8221; margin_bottom=&#8221;0&#8243; font_family=&#8221;Poppins&#8221; font_type=&#8221;google&#8221;]Seja um Membro[\/mk_fancy_title][mk_fancy_title tag_name=&#8221;h1&#8243; color=&#8221;#ffffff&#8221; size=&#8221;46&#8243; force_font_size=&#8221;true&#8221; size_tablet=&#8221;35&#8243; line_height=&#8221;105&#8243; font_weight=&#8221;bold&#8221; txt_transform=&#8221;uppercase&#8221; margin_bottom=&#8221;0&#8243; font_family=&#8221;Poppins&#8221; font_type=&#8221;google&#8221;]Associe-se \u00e0 SOLAPSO + DI![\/mk_fancy_title][\/vc_column][\/mk_page_section][vc_row css=&#8221;.vc_custom_1756062113520{margin-top: 100px !important;margin-bottom: 100px !important;}&#8221;][vc_column][vc_separator color=&#8221;custom&#8221; align=&#8221;align_left&#8221; border_width=&#8221;5&#8243; el_width=&#8221;10&#8243; css=&#8221;&#8221; accent_color=&#8221;#DD0316&#8243;][mk_fancy_title tag_name=&#8221;h1&#8243; color=&#8221;#666666&#8243; size=&#8221;20&#8243; force_font_size=&#8221;true&#8221; [&hellip;]<\/p>\n","protected":false},"author":3298,"featured_media":0,"parent":0,"menu_order":0,"comment_status":"closed","ping_status":"closed","template":"","meta":{"footnotes":""},"class_list":["post-6279","page","type-page","status-publish","hentry"],"publishpress_future_action":{"enabled":false,"date":"2026-04-12 12:52:56","action":"change-status","newStatus":"draft","terms":[],"taxonomy":"translation_priority","extraData":[]},"publishpress_future_workflow_manual_trigger":{"enabledWorkflows":[]},"_links":{"self":[{"href":"https:\/\/solapso.com\/pt-br\/wp-json\/wp\/v2\/pages\/6279","targetHints":{"allow":["GET"]}}],"collection":[{"href":"https:\/\/solapso.com\/pt-br\/wp-json\/wp\/v2\/pages"}],"about":[{"href":"https:\/\/solapso.com\/pt-br\/wp-json\/wp\/v2\/types\/page"}],"author":[{"embeddable":true,"href":"https:\/\/solapso.com\/pt-br\/wp-json\/wp\/v2\/users\/3298"}],"replies":[{"embeddable":true,"href":"https:\/\/solapso.com\/pt-br\/wp-json\/wp\/v2\/comments?post=6279"}],"version-history":[{"count":12,"href":"https:\/\/solapso.com\/pt-br\/wp-json\/wp\/v2\/pages\/6279\/revisions"}],"predecessor-version":[{"id":6333,"href":"https:\/\/solapso.com\/pt-br\/wp-json\/wp\/v2\/pages\/6279\/revisions\/6333"}],"wp:attachment":[{"href":"https:\/\/solapso.com\/pt-br\/wp-json\/wp\/v2\/media?parent=6279"}],"curies":[{"name":"wp","href":"https:\/\/api.w.org\/{rel}","templated":true}]}}