{"id":6263,"date":"2026-01-28T14:00:10","date_gmt":"2026-01-28T14:00:10","guid":{"rendered":"https:\/\/solapso.com\/congreso-solapso-2026\/"},"modified":"2026-01-28T15:50:45","modified_gmt":"2026-01-28T15:50:45","slug":"congresso-solapso-2026","status":"publish","type":"page","link":"https:\/\/solapso.com\/pt-br\/congresso-solapso-2026\/","title":{"rendered":"Congresso SOLAPSO 2026"},"content":{"rendered":"<div class=\"wpb-content-wrapper\">[mk_page_section bg_image=&#8221;https:\/\/solapso.com\/wp-content\/uploads\/2026\/01\/congresso-port-btn.jpg&#8221; blend_mode=&#8221;multiply&#8221; bg_position=&#8221;center center&#8221; bg_repeat=&#8221;no-repeat&#8221; bg_stretch=&#8221;true&#8221; speed_factor=&#8221;0&#8243; video_opacity=&#8221;0&#8243; js_vertical_centered=&#8221;true&#8221; padding_top=&#8221;0&#8243; padding_bottom=&#8221;140&#8243; sidebar=&#8221;sidebar-1&#8243;][vc_column][mk_padding_divider size=&#8221;400&#8243;][\/vc_column][\/mk_page_section][vc_row css=&#8221;.vc_custom_1769613428158{margin-top: 100px !important;margin-bottom: 100px !important;}&#8221;][vc_column width=&#8221;7\/12&#8243;][vc_column_text disable_pattern=&#8221;false&#8221; margin_bottom=&#8221;0&#8243; css=&#8221;.vc_custom_1769615444091{margin-bottom: 0px !important;padding-right: 80px !important;}&#8221;]<span style=\"font-size: 14pt;\">A Sociedade Latino-Americana de Psor\u00edase e Dermoinmunologia (SOLAPSO + DI) \u00e9 uma sociedade cient\u00edfica que re\u00fane dermatologistas latino-americanos comprometidos com o avan\u00e7o do conhecimento em dermatologia e imunodermatologia, promovendo a educa\u00e7\u00e3o m\u00e9dica continuada, o interc\u00e2mbio acad\u00eamico e a atualiza\u00e7\u00e3o baseada em evid\u00eancias cient\u00edficas.<\/span><\/p>\n<p><span style=\"font-size: 14pt;\">O Congresso SOLAPSO nasce como um espa\u00e7o de refer\u00eancia para o compartilhamento dos avan\u00e7os mais relevantes e das experi\u00eancias cl\u00ednicas no campo das doen\u00e7as imunomediadas, estimulando o di\u00e1logo cient\u00edfico e a constru\u00e7\u00e3o de redes de colabora\u00e7\u00e3o internacional.<\/span><\/p>\n<p><span style=\"font-size: 14pt;\">Em 2026, em parceria com a Sociedade Brasileira de Dermatologia (SBD), o V Congresso SOLAPSO chega ao Rio de Janeiro, Brasil, e ser\u00e1 realizado de forma conjunta com o IV Imuno&amp;Derma da SBD, oferecendo uma experi\u00eancia acad\u00eamica de alto n\u00edvel, com especialistas de reconhecimento internacional, em um dos cen\u00e1rios cient\u00edficos mais importantes da regi\u00e3o.<\/span><\/p>\n<p><span style=\"font-size: 14pt;\">Esperamos por voc\u00ea!<\/span>[\/vc_column_text][\/vc_column][vc_column width=&#8221;5\/12&#8243; css=&#8221;.vc_custom_1769611838900{padding-top: 50px !important;padding-right: 30px !important;padding-bottom: 50px !important;padding-left: 30px !important;background-color: #EE1A31 !important;}&#8221;][mk_title_box color=&#8221;#ffffff&#8221; highlight_opacity=&#8221;0&#8243; font_weight=&#8221;bold&#8221; font_family=&#8221;none&#8221; align=&#8221;center&#8221;]INFORMA\u00c7\u00d5ES E INSCRI\u00c7\u00d5ES:[\/mk_title_box][mk_button dimension=&#8221;flat&#8221; size=&#8221;x-large&#8221; url=&#8221;https:\/\/eventos.sbd.org.br\/4imunoederma\/&#8221; target=&#8221;_blank&#8221; align=&#8221;center&#8221; margin_top=&#8221;15&#8243; margin_bottom=&#8221;30&#8243; animation=&#8221;fade-in&#8221; bg_color=&#8221;#ffffff&#8221; btn_hover_bg=&#8221;#e5e5e5&#8243; text_color=&#8221;dark&#8221;]Inscri\u00e7\u00f5es Abertas[\/mk_button][vc_column_text disable_pattern=&#8221;false&#8221; align=&#8221;center&#8221; css=&#8221;.vc_custom_1769615121045{margin-bottom: 0px !important;}&#8221;]<span style=\"font-size: 12pt; color: #ffffff;\">Os laborat\u00f3rios interessados em apoiar o evento podem contatar <a style=\"color: #ffffff;\" href=\"mailto:joana@sbd.org.br\">joana@sbd.org.br<\/a>.<\/span>[\/vc_column_text][\/vc_column][\/vc_row]\n<\/div>","protected":false},"excerpt":{"rendered":"<p>[mk_page_section bg_image=&#8221;https:\/\/solapso.com\/wp-content\/uploads\/2026\/01\/congresso-port-btn.jpg&#8221; blend_mode=&#8221;multiply&#8221; bg_position=&#8221;center center&#8221; bg_repeat=&#8221;no-repeat&#8221; bg_stretch=&#8221;true&#8221; speed_factor=&#8221;0&#8243; video_opacity=&#8221;0&#8243; js_vertical_centered=&#8221;true&#8221; padding_top=&#8221;0&#8243; padding_bottom=&#8221;140&#8243; sidebar=&#8221;sidebar-1&#8243;][vc_column][mk_padding_divider size=&#8221;400&#8243;][\/vc_column][\/mk_page_section][vc_row css=&#8221;.vc_custom_1769613428158{margin-top: 100px !important;margin-bottom: 100px !important;}&#8221;][vc_column width=&#8221;7\/12&#8243;][vc_column_text disable_pattern=&#8221;false&#8221; margin_bottom=&#8221;0&#8243; css=&#8221;.vc_custom_1769615444091{margin-bottom: 0px !important;padding-right: 80px !important;}&#8221;]A Sociedade Latino-Americana de Psor\u00edase e Dermoinmunologia (SOLAPSO + DI) \u00e9 uma sociedade cient\u00edfica que re\u00fane dermatologistas latino-americanos comprometidos com o avan\u00e7o do conhecimento em dermatologia e imunodermatologia, promovendo [&hellip;]<\/p>\n","protected":false},"author":3298,"featured_media":0,"parent":0,"menu_order":0,"comment_status":"closed","ping_status":"closed","template":"","meta":{"footnotes":""},"class_list":["post-6263","page","type-page","status-publish","hentry"],"publishpress_future_action":{"enabled":false,"date":"2026-04-14 08:35:17","action":"change-status","newStatus":"draft","terms":[],"taxonomy":"translation_priority","extraData":[]},"publishpress_future_workflow_manual_trigger":{"enabledWorkflows":[]},"_links":{"self":[{"href":"https:\/\/solapso.com\/pt-br\/wp-json\/wp\/v2\/pages\/6263","targetHints":{"allow":["GET"]}}],"collection":[{"href":"https:\/\/solapso.com\/pt-br\/wp-json\/wp\/v2\/pages"}],"about":[{"href":"https:\/\/solapso.com\/pt-br\/wp-json\/wp\/v2\/types\/page"}],"author":[{"embeddable":true,"href":"https:\/\/solapso.com\/pt-br\/wp-json\/wp\/v2\/users\/3298"}],"replies":[{"embeddable":true,"href":"https:\/\/solapso.com\/pt-br\/wp-json\/wp\/v2\/comments?post=6263"}],"version-history":[{"count":3,"href":"https:\/\/solapso.com\/pt-br\/wp-json\/wp\/v2\/pages\/6263\/revisions"}],"predecessor-version":[{"id":6271,"href":"https:\/\/solapso.com\/pt-br\/wp-json\/wp\/v2\/pages\/6263\/revisions\/6271"}],"wp:attachment":[{"href":"https:\/\/solapso.com\/pt-br\/wp-json\/wp\/v2\/media?parent=6263"}],"curies":[{"name":"wp","href":"https:\/\/api.w.org\/{rel}","templated":true}]}}