{"id":5908,"date":"2024-12-01T09:35:45","date_gmt":"2024-12-01T09:35:45","guid":{"rendered":"https:\/\/solapso.com\/psoriase-pustulosa-generalizada-ppg\/"},"modified":"2024-12-01T10:20:41","modified_gmt":"2024-12-01T10:20:41","slug":"psoriase-pustulosa-generalizada-ppg","status":"publish","type":"page","link":"https:\/\/solapso.com\/pt-br\/psoriase-pustulosa-generalizada-ppg\/","title":{"rendered":"PPG"},"content":{"rendered":"<div class=\"wpb-content-wrapper\">[mk_page_section bg_image=&#8221;https:\/\/solapso.com\/wp-content\/uploads\/2023\/11\/psoriasis-pustulosa-generalizada.png&#8221; bg_color=&#8221;rgba(123,123,123,0.48)&#8221; blend_mode=&#8221;multiply&#8221; bg_position=&#8221;center bottom&#8221; bg_repeat=&#8221;no-repeat&#8221; bg_stretch=&#8221;true&#8221; video_opacity=&#8221;0.9&#8243; padding_top=&#8221;0&#8243; padding_bottom=&#8221;140&#8243; sidebar=&#8221;sidebar-1&#8243;][vc_column][mk_padding_divider size=&#8221;100&#8243;][mk_fancy_title tag_name=&#8221;h5&#8243; color=&#8221;#ffffff&#8221; size=&#8221;24&#8243; line_height=&#8221;90&#8243; font_weight=&#8221;400&#8243; txt_transform=&#8221;uppercase&#8221; margin_bottom=&#8221;0&#8243; font_family=&#8221;Poppins&#8221; font_type=&#8221;google&#8221; responsive_align=&#8221;left&#8221;]Educa\u00e7\u00e3o m\u00e9dica relacionada[\/mk_fancy_title][mk_fancy_title tag_name=&#8221;h1&#8243; color=&#8221;#ffffff&#8221; size=&#8221;36&#8243; force_font_size=&#8221;true&#8221; size_tablet=&#8221;25&#8243; font_weight=&#8221;bold&#8221; txt_transform=&#8221;uppercase&#8221; margin_bottom=&#8221;0&#8243; font_family=&#8221;Poppins&#8221; font_type=&#8221;google&#8221; responsive_align=&#8221;left&#8221;]Psor\u00edase Pustular Generalizada (PPG)<br \/>\n<span style=\"color: #ee1a31;\">e outras dermatoses inflamat\u00f3rias<\/span>[\/mk_fancy_title][vc_row_inner][vc_column_inner width=&#8221;1\/2&#8243;][mk_fancy_title tag_name=&#8221;h5&#8243; color=&#8221;#ffffff&#8221; size=&#8221;15&#8243; force_font_size=&#8221;true&#8221; size_phone=&#8221;20&#8243; font_weight=&#8221;400&#8243; txt_transform=&#8221;none&#8221; margin_bottom=&#8221;0&#8243; font_family=&#8221;Poppins&#8221; font_type=&#8221;google&#8221; responsive_align=&#8221;left&#8221;]Espa\u00e7o patrocinado por[\/mk_fancy_title][mk_fancy_title tag_name=&#8221;h5&#8243; color=&#8221;#ffffff&#8221; size=&#8221;20&#8243; force_font_size=&#8221;true&#8221; size_phone=&#8221;20&#8243; font_weight=&#8221;400&#8243; txt_transform=&#8221;none&#8221; margin_bottom=&#8221;0&#8243; font_family=&#8221;Poppins&#8221; font_type=&#8221;google&#8221; responsive_align=&#8221;left&#8221;]<img loading=\"lazy\" decoding=\"async\" class=\"alignnone wp-image-5506\" src=\"https:\/\/solapso.com\/wp-content\/uploads\/2023\/11\/1699263356logo-bi-green-300x91.png\" alt=\"\" width=\"166\" height=\"50\" srcset=\"https:\/\/solapso.com\/wp-content\/uploads\/2023\/11\/1699263356logo-bi-green-300x91.png 300w, https:\/\/solapso.com\/wp-content\/uploads\/2023\/11\/1699263356logo-bi-green-1024x309.png 1024w, https:\/\/solapso.com\/wp-content\/uploads\/2023\/11\/1699263356logo-bi-green-768x232.png 768w, https:\/\/solapso.com\/wp-content\/uploads\/2023\/11\/1699263356logo-bi-green-1536x464.png 1536w, https:\/\/solapso.com\/wp-content\/uploads\/2023\/11\/1699263356logo-bi-green-2048x618.png 2048w\" sizes=\"auto, (max-width: 166px) 100vw, 166px\" \/>[\/mk_fancy_title][mk_button dimension=&#8221;flat&#8221; size=&#8221;medium&#8221; url=&#8221;#eventos&#8221; margin_top=&#8221;15&#8243; animation=&#8221;fade-in&#8221; bg_color=&#8221;#c1172f&#8221; btn_hover_bg=&#8221;#ee1a31&#8243;]Detalhes[\/mk_button][\/vc_column_inner][vc_column_inner width=&#8221;1\/2&#8243;][\/vc_column_inner][\/vc_row_inner][\/vc_column][\/mk_page_section][vc_row][vc_column][mk_padding_divider size=&#8221;60&#8243;][\/vc_column][\/vc_row][vc_row id=&#8221;eventos&#8221;][vc_column][mk_fancy_title tag_name=&#8221;h3&#8243; color=&#8221;#ee1a31&#8243; size=&#8221;36&#8243; force_font_size=&#8221;true&#8221; size_tablet=&#8221;30&#8243; font_weight=&#8221;400&#8243; txt_transform=&#8221;capitalize&#8221; margin_bottom=&#8221;0&#8243; font_family=&#8221;Poppins&#8221; font_type=&#8221;google&#8221;]Curso virtual PIONEERS 360[\/mk_fancy_title][vc_column_text disable_pattern=&#8221;false&#8221; margin_bottom=&#8221;10&#8243; css=&#8221;.vc_custom_1700392684067{margin-bottom: 0px !important;}&#8221;]\n<div style=\"font-color: #666666; font-size: 20px; line-height: 36px;\">Plataforma educacional desenvolvida pela Boehringer Ingelheim Global<\/div>\n[\/vc_column_text][mk_button dimension=&#8221;flat&#8221; size=&#8221;medium&#8221; url=&#8221;https:\/\/webapp.spotme.com\/login\/eventspace\/pioneers360masterclassregpage&#8221; target=&#8221;_blank&#8221; margin_top=&#8221;15&#8243; animation=&#8221;fade-in&#8221; bg_color=&#8221;#c1172f&#8221; btn_hover_bg=&#8221;#ee1a31&#8243;]Visite o site[\/mk_button][vc_column_text disable_pattern=&#8221;false&#8221; margin_bottom=&#8221;20&#8243; css=&#8221;.vc_custom_1700392406087{margin-bottom: 0px !important;}&#8221;]\n<div style=\"font-color: #666666; font-size: 24px; line-height: 36px;\"><a href=\"https:\/\/webapp.spotme.com\/login\/eventspace\/pioneers360masterclassregpage\" target=\"_blank\" rel=\"noopener\"><img loading=\"lazy\" decoding=\"async\" class=\"alignnone wp-image-5508 size-full\" src=\"https:\/\/solapso.com\/wp-content\/uploads\/2023\/11\/curso-virtual-pioneers-360.png\" alt=\"Curso virtual PIONEERS 360\" width=\"2048\" height=\"492\" srcset=\"https:\/\/solapso.com\/wp-content\/uploads\/2023\/11\/curso-virtual-pioneers-360.png 2048w, https:\/\/solapso.com\/wp-content\/uploads\/2023\/11\/curso-virtual-pioneers-360-300x72.png 300w, https:\/\/solapso.com\/wp-content\/uploads\/2023\/11\/curso-virtual-pioneers-360-1024x246.png 1024w, https:\/\/solapso.com\/wp-content\/uploads\/2023\/11\/curso-virtual-pioneers-360-768x185.png 768w, https:\/\/solapso.com\/wp-content\/uploads\/2023\/11\/curso-virtual-pioneers-360-1536x369.png 1536w\" sizes=\"auto, (max-width: 2048px) 100vw, 2048px\" \/><\/a><\/div>\n[\/vc_column_text][\/vc_column][\/vc_row][mk_page_section bg_color=&#8221;rgba(234,234,234,0.48)&#8221; blend_mode=&#8221;multiply&#8221; bg_position=&#8221;center bottom&#8221; bg_repeat=&#8221;no-repeat&#8221; bg_stretch=&#8221;true&#8221; video_opacity=&#8221;0.9&#8243; padding_top=&#8221;0&#8243; padding_bottom=&#8221;140&#8243; sidebar=&#8221;sidebar-1&#8243;][vc_column][vc_row_inner][vc_column_inner][mk_padding_divider size=&#8221;60&#8243;][mk_fancy_title tag_name=&#8221;h3&#8243; color=&#8221;#ee1a31&#8243; size=&#8221;36&#8243; force_font_size=&#8221;true&#8221; size_tablet=&#8221;30&#8243; font_weight=&#8221;400&#8243; txt_transform=&#8221;capitalize&#8221; margin_bottom=&#8221;0&#8243; font_family=&#8221;Poppins&#8221; font_type=&#8221;google&#8221;]Revelando o PPG[\/mk_fancy_title][vc_column_text disable_pattern=&#8221;false&#8221; margin_bottom=&#8221;10&#8243; css=&#8221;.vc_custom_1700392791184{margin-bottom: 0px !important;}&#8221;]\n<div style=\"font-color: #666666; font-size: 20px; line-height: 36px;\">Site latino-americano de educa\u00e7\u00e3o PPG para profissionais de sa\u00fade. Linguagem: espanhol<\/div>\n[\/vc_column_text][mk_button dimension=&#8221;flat&#8221; size=&#8221;medium&#8221; url=&#8221;https:\/\/pro.boehringer-ingelheim.com\/sa\/enfermedad\/ppg\/&#8221; target=&#8221;_blank&#8221; margin_top=&#8221;15&#8243; animation=&#8221;fade-in&#8221; bg_color=&#8221;#c1172f&#8221; btn_hover_bg=&#8221;#ee1a31&#8243;]Visite o site[\/mk_button][vc_column_text disable_pattern=&#8221;false&#8221; margin_bottom=&#8221;20&#8243; css=&#8221;.vc_custom_1700393002491{margin-bottom: 0px !important;}&#8221;]\n<div style=\"font-color: #666666; font-size: 24px; line-height: 36px;\"><a href=\"https:\/\/pro.boehringer-ingelheim.com\/sa\/enfermedad\/ppg\/\" target=\"_blank\" rel=\"noopener\"><img loading=\"lazy\" decoding=\"async\" class=\"alignnone wp-image-5517 size-full\" src=\"https:\/\/solapso.com\/wp-content\/uploads\/2023\/11\/educacion-sobre-ppg.png\" alt=\"Educa\u00e7\u00e3o sobre PPG da Am\u00e9rica Latina para profissionais de sa\u00fade\" width=\"1522\" height=\"467\" srcset=\"https:\/\/solapso.com\/wp-content\/uploads\/2023\/11\/educacion-sobre-ppg.png 1522w, https:\/\/solapso.com\/wp-content\/uploads\/2023\/11\/educacion-sobre-ppg-300x92.png 300w, https:\/\/solapso.com\/wp-content\/uploads\/2023\/11\/educacion-sobre-ppg-1024x314.png 1024w, https:\/\/solapso.com\/wp-content\/uploads\/2023\/11\/educacion-sobre-ppg-768x236.png 768w\" sizes=\"auto, (max-width: 1522px) 100vw, 1522px\" \/><\/a><\/div>\n[\/vc_column_text][\/vc_column_inner][\/vc_row_inner][\/vc_column][\/mk_page_section][vc_row][vc_column][mk_padding_divider size=&#8221;60&#8243;][\/vc_column][\/vc_row][vc_row id=&#8221;publicaciones&#8221;][vc_column][mk_fancy_title tag_name=&#8221;h3&#8243; color=&#8221;#ee1a31&#8243; size=&#8221;36&#8243; force_font_size=&#8221;true&#8221; size_tablet=&#8221;30&#8243; font_weight=&#8221;400&#8243; margin_bottom=&#8221;0&#8243; font_family=&#8221;Poppins&#8221; font_type=&#8221;google&#8221;]PPG e eu[\/mk_fancy_title][vc_column_text disable_pattern=&#8221;false&#8221; margin_bottom=&#8221;10&#8243; css=&#8221;.vc_custom_1700393426049{margin-bottom: 0px !important;}&#8221;]\n<div style=\"font-color: #666666; font-size: 20px; line-height: 36px;\">Site do PPG com informa\u00e7\u00f5es sobre a doen\u00e7a para pacientes<\/div>\n[\/vc_column_text][mk_button dimension=&#8221;flat&#8221; size=&#8221;medium&#8221; url=&#8221;https:\/\/patient.boehringer-ingelheim.com\/sa\/gpp\/&#8221; target=&#8221;_blank&#8221; margin_top=&#8221;15&#8243; animation=&#8221;fade-in&#8221; bg_color=&#8221;#c1172f&#8221; btn_hover_bg=&#8221;#ee1a31&#8243;]Visite o site[\/mk_button][vc_column_text disable_pattern=&#8221;false&#8221; margin_bottom=&#8221;20&#8243; css=&#8221;.vc_custom_1700393565178{margin-bottom: 0px !important;}&#8221;]\n<div style=\"font-color: #666666; font-size: 24px; line-height: 36px;\"><a href=\"https:\/\/patient.boehringer-ingelheim.com\/sa\/gpp\/\" target=\"_blank\" rel=\"noopener\"><img loading=\"lazy\" decoding=\"async\" class=\"alignnone wp-image-5520 size-full\" src=\"https:\/\/solapso.com\/wp-content\/uploads\/2023\/11\/ppg-y-yo.png\" alt=\"Psor\u00edase pustulosa generalizada (PPG) | PPG e eu\" width=\"1779\" height=\"564\" srcset=\"https:\/\/solapso.com\/wp-content\/uploads\/2023\/11\/ppg-y-yo.png 1779w, https:\/\/solapso.com\/wp-content\/uploads\/2023\/11\/ppg-y-yo-300x95.png 300w, https:\/\/solapso.com\/wp-content\/uploads\/2023\/11\/ppg-y-yo-1024x325.png 1024w, https:\/\/solapso.com\/wp-content\/uploads\/2023\/11\/ppg-y-yo-768x243.png 768w, https:\/\/solapso.com\/wp-content\/uploads\/2023\/11\/ppg-y-yo-1536x487.png 1536w\" sizes=\"auto, (max-width: 1779px) 100vw, 1779px\" \/><\/a><\/div>\n[\/vc_column_text][\/vc_column][\/vc_row][vc_row id=&#8221;publicaciones&#8221; css=&#8221;.vc_custom_1700393124959{background-color: #f2f2f2 !important;}&#8221;][vc_column][vc_row_inner][vc_column_inner][\/vc_column_inner][\/vc_row_inner][\/vc_column][\/vc_row][vc_row][vc_column][mk_padding_divider size=&#8221;60&#8243;][\/vc_column][\/vc_row][vc_row][vc_column][mk_image src=&#8221;https:\/\/solapso.com\/wp-content\/uploads\/2024\/06\/services-bg-04.jpg&#8221; image_size=&#8221;full&#8221; align=&#8221;center&#8221; margin_bottom=&#8221;0&#8243;][\/vc_column][\/vc_row][vc_row][vc_column][mk_divider style=&#8221;thin_solid&#8221; thin_single_color=&#8221;#ee1a31&#8243; thickness=&#8221;2&#8243; margin_top=&#8221;0&#8243; margin_bottom=&#8221;50&#8243;][\/vc_column][\/vc_row][vc_row][vc_column width=&#8221;1\/3&#8243;][mk_fancy_title tag_name=&#8221;h4&#8243; color=&#8221;#ee1a31&#8243; size=&#8221;36&#8243; force_font_size=&#8221;true&#8221; size_tablet=&#8221;30&#8243; font_weight=&#8221;400&#8243; txt_transform=&#8221;capitalize&#8221; margin_top=&#8221;20&#8243; margin_bottom=&#8221;0&#8243; font_family=&#8221;Poppins&#8221; font_type=&#8221;google&#8221;]Mantenha-se informado[\/mk_fancy_title][vc_column_text disable_pattern=&#8221;false&#8221; margin_bottom=&#8221;5&#8243; css=&#8221;.vc_custom_1640563083715{margin-bottom: 5px !important;}&#8221;]\n<div style=\"font-size: 16px;\">Registre seu interesse<\/div>\n[\/vc_column_text][vc_column_text disable_pattern=&#8221;false&#8221; css=&#8221;.vc_custom_1640563101067{margin-bottom: 0px !important;}&#8221;]Receba as \u00faltimas not\u00edcias de nossa comunidade.[\/vc_column_text][\/vc_column][vc_column width=&#8221;2\/3&#8243;]\n<div class=\"wpcf7 no-js\" id=\"wpcf7-f88-o1\" lang=\"es-ES\" dir=\"ltr\" data-wpcf7-id=\"88\">\n<div class=\"screen-reader-response\"><p role=\"status\" aria-live=\"polite\" aria-atomic=\"true\"><\/p> <ul><\/ul><\/div>\n<form action=\"\/pt-br\/wp-json\/wp\/v2\/pages\/5908#wpcf7-f88-o1\" method=\"post\" class=\"wpcf7-form init\" aria-label=\"Formulario de contacto\" novalidate=\"novalidate\" data-status=\"init\">\n<fieldset class=\"hidden-fields-container\"><input type=\"hidden\" name=\"_wpcf7\" value=\"88\" \/><input type=\"hidden\" name=\"_wpcf7_version\" value=\"6.1.5\" \/><input type=\"hidden\" name=\"_wpcf7_locale\" value=\"es_ES\" \/><input type=\"hidden\" name=\"_wpcf7_unit_tag\" value=\"wpcf7-f88-o1\" \/><input type=\"hidden\" name=\"_wpcf7_container_post\" value=\"0\" \/><input type=\"hidden\" name=\"_wpcf7_posted_data_hash\" value=\"\" \/><input type=\"hidden\" name=\"_wpcf7_recaptcha_response\" value=\"\" \/>\n<\/fieldset>\n<p><span class=\"wpcf7-form-control-wrap\" data-name=\"Usuario\"><select class=\"wpcf7-form-control wpcf7-select wpcf7-validates-as-required\" aria-required=\"true\" aria-invalid=\"false\" name=\"Usuario\"><option value=\"Soy Profesional\">Soy Profesional<\/option><option value=\"Soy Paciente\">Soy Paciente<\/option><\/select><\/span><br \/>\n<span class=\"wpcf7-form-control-wrap\" data-name=\"your-name\"><input size=\"40\" maxlength=\"400\" class=\"wpcf7-form-control wpcf7-text wpcf7-validates-as-required\" aria-required=\"true\" aria-invalid=\"false\" placeholder=\"Nombre\" value=\"\" type=\"text\" name=\"your-name\" \/><\/span><br \/>\n<span class=\"wpcf7-form-control-wrap\" data-name=\"your-name\"><input size=\"40\" maxlength=\"400\" class=\"wpcf7-form-control wpcf7-text wpcf7-validates-as-required\" aria-required=\"true\" aria-invalid=\"false\" placeholder=\"T\u00e9lefono\/Celular\" value=\"\" type=\"text\" name=\"your-name\" \/><\/span><br \/>\n<span class=\"wpcf7-form-control-wrap\" data-name=\"your-name\"><input size=\"40\" maxlength=\"400\" class=\"wpcf7-form-control wpcf7-text wpcf7-validates-as-required\" aria-required=\"true\" aria-invalid=\"false\" placeholder=\"Email\" value=\"\" type=\"text\" name=\"your-name\" \/><\/span><br \/>\n\n<\/p>\n<p><input class=\"wpcf7-form-control wpcf7-submit has-spinner\" type=\"submit\" value=\"Enviar\" \/>\n<\/p><div class=\"wpcf7-response-output\" aria-hidden=\"true\"><\/div>\n<\/form>\n<\/div>\n[\/vc_column][\/vc_row][vc_row][vc_column][mk_padding_divider][\/vc_column][\/vc_row]\n<\/div>","protected":false},"excerpt":{"rendered":"<p>[mk_page_section bg_image=&#8221;https:\/\/solapso.com\/wp-content\/uploads\/2023\/11\/psoriasis-pustulosa-generalizada.png&#8221; bg_color=&#8221;rgba(123,123,123,0.48)&#8221; blend_mode=&#8221;multiply&#8221; bg_position=&#8221;center bottom&#8221; bg_repeat=&#8221;no-repeat&#8221; bg_stretch=&#8221;true&#8221; video_opacity=&#8221;0.9&#8243; padding_top=&#8221;0&#8243; padding_bottom=&#8221;140&#8243; sidebar=&#8221;sidebar-1&#8243;][vc_column][mk_padding_divider size=&#8221;100&#8243;][mk_fancy_title tag_name=&#8221;h5&#8243; color=&#8221;#ffffff&#8221; size=&#8221;24&#8243; line_height=&#8221;90&#8243; font_weight=&#8221;400&#8243; txt_transform=&#8221;uppercase&#8221; margin_bottom=&#8221;0&#8243; font_family=&#8221;Poppins&#8221; font_type=&#8221;google&#8221; responsive_align=&#8221;left&#8221;]Educa\u00e7\u00e3o m\u00e9dica relacionada[\/mk_fancy_title][mk_fancy_title tag_name=&#8221;h1&#8243; color=&#8221;#ffffff&#8221; size=&#8221;36&#8243; force_font_size=&#8221;true&#8221; size_tablet=&#8221;25&#8243; font_weight=&#8221;bold&#8221; txt_transform=&#8221;uppercase&#8221; margin_bottom=&#8221;0&#8243; font_family=&#8221;Poppins&#8221; font_type=&#8221;google&#8221; responsive_align=&#8221;left&#8221;]Psor\u00edase Pustular Generalizada (PPG) e outras dermatoses inflamat\u00f3rias[\/mk_fancy_title][vc_row_inner][vc_column_inner width=&#8221;1\/2&#8243;][mk_fancy_title tag_name=&#8221;h5&#8243; color=&#8221;#ffffff&#8221; size=&#8221;15&#8243; force_font_size=&#8221;true&#8221; size_phone=&#8221;20&#8243; font_weight=&#8221;400&#8243; txt_transform=&#8221;none&#8221; margin_bottom=&#8221;0&#8243; font_family=&#8221;Poppins&#8221; font_type=&#8221;google&#8221; responsive_align=&#8221;left&#8221;]Espa\u00e7o [&hellip;]<\/p>\n","protected":false},"author":3297,"featured_media":0,"parent":0,"menu_order":0,"comment_status":"closed","ping_status":"closed","template":"","meta":{"footnotes":""},"class_list":["post-5908","page","type-page","status-publish","hentry"],"publishpress_future_action":{"enabled":false,"date":"2026-04-23 04:01:14","action":"change-status","newStatus":"draft","terms":[],"taxonomy":"translation_priority","extraData":[]},"publishpress_future_workflow_manual_trigger":{"enabledWorkflows":[]},"_links":{"self":[{"href":"https:\/\/solapso.com\/pt-br\/wp-json\/wp\/v2\/pages\/5908","targetHints":{"allow":["GET"]}}],"collection":[{"href":"https:\/\/solapso.com\/pt-br\/wp-json\/wp\/v2\/pages"}],"about":[{"href":"https:\/\/solapso.com\/pt-br\/wp-json\/wp\/v2\/types\/page"}],"author":[{"embeddable":true,"href":"https:\/\/solapso.com\/pt-br\/wp-json\/wp\/v2\/users\/3297"}],"replies":[{"embeddable":true,"href":"https:\/\/solapso.com\/pt-br\/wp-json\/wp\/v2\/comments?post=5908"}],"version-history":[{"count":0,"href":"https:\/\/solapso.com\/pt-br\/wp-json\/wp\/v2\/pages\/5908\/revisions"}],"wp:attachment":[{"href":"https:\/\/solapso.com\/pt-br\/wp-json\/wp\/v2\/media?parent=5908"}],"curies":[{"name":"wp","href":"https:\/\/api.w.org\/{rel}","templated":true}]}}