{"id":5853,"date":"2024-12-01T08:38:27","date_gmt":"2024-12-01T08:38:27","guid":{"rendered":"https:\/\/solapso.com\/videoteca\/"},"modified":"2026-01-30T13:16:59","modified_gmt":"2026-01-30T13:16:59","slug":"videoteca","status":"publish","type":"page","link":"https:\/\/solapso.com\/pt-br\/videoteca\/","title":{"rendered":"Videoteca"},"content":{"rendered":"<div class=\"wpb-content-wrapper\">[mk_page_section bg_image=&#8221;https:\/\/solapso.com\/wp-content\/uploads\/2022\/01\/essential-events-1366&#215;420-1.png&#8221; bg_color=&#8221;rgba(123,123,123,0.48)&#8221; blend_mode=&#8221;multiply&#8221; bg_position=&#8221;center center&#8221; bg_repeat=&#8221;no-repeat&#8221; bg_stretch=&#8221;true&#8221; video_opacity=&#8221;0.9&#8243; js_vertical_centered=&#8221;true&#8221; padding_top=&#8221;0&#8243; padding_bottom=&#8221;140&#8243; sidebar=&#8221;sidebar-1&#8243;][vc_column][mk_padding_divider size=&#8221;60&#8243;][mk_fancy_title tag_name=&#8221;h5&#8243; color=&#8221;#ffffff&#8221; size=&#8221;24&#8243; line_height=&#8221;90&#8243; font_weight=&#8221;400&#8243; txt_transform=&#8221;uppercase&#8221; margin_bottom=&#8221;0&#8243; font_family=&#8221;Poppins&#8221; font_type=&#8221;google&#8221;]Videoteca[\/mk_fancy_title][mk_fancy_title tag_name=&#8221;h1&#8243; color=&#8221;#ffffff&#8221; size=&#8221;46&#8243; force_font_size=&#8221;true&#8221; size_tablet=&#8221;35&#8243; line_height=&#8221;105&#8243; font_weight=&#8221;bold&#8221; txt_transform=&#8221;uppercase&#8221; margin_bottom=&#8221;0&#8243; font_family=&#8221;Poppins&#8221; font_type=&#8221;google&#8221;]\u00c0 sua disposi\u00e7\u00e3o<br \/>\n<span style=\"color: #ee1a31;\">Grava\u00e7\u00e3o de confer\u00eancias<\/span>[\/mk_fancy_title][mk_fancy_title tag_name=&#8221;h5&#8243; color=&#8221;#ffffff&#8221; size=&#8221;20&#8243; font_weight=&#8221;400&#8243; txt_transform=&#8221;none&#8221; margin_bottom=&#8221;0&#8243; font_family=&#8221;Poppins&#8221; font_type=&#8221;google&#8221;]Uma sele\u00e7\u00e3o de confer\u00eancias e sess\u00f5es sobre psor\u00edase de eventos recentes[\/mk_fancy_title][mk_button dimension=&#8221;flat&#8221; size=&#8221;medium&#8221; url=&#8221;#sitios&#8221; margin_top=&#8221;15&#8243; animation=&#8221;fade-in&#8221; bg_color=&#8221;#c1172f&#8221; btn_hover_bg=&#8221;#ee1a31&#8243;]Detalhes[\/mk_button][\/vc_column][\/mk_page_section][vc_row][vc_column][mk_padding_divider size=&#8221;60&#8243;][mk_fancy_title tag_name=&#8221;h3&#8243; color=&#8221;#ee1a31&#8243; size=&#8221;40&#8243; force_font_size=&#8221;true&#8221; size_tablet=&#8221;25&#8243; size_phone=&#8221;20&#8243; line_height=&#8221;80&#8243; font_weight=&#8221;400&#8243; margin_bottom=&#8221;0&#8243; font_family=&#8221;Poppins&#8221; font_type=&#8221;google&#8221;]Highlights EADV 2025[\/mk_fancy_title][\/vc_column][\/vc_row][vc_row id=&#8221;sitios&#8221;][vc_column width=&#8221;1\/3&#8243;][vc_video title=&#8221;1. Highlights EADV 2025&#8243; link=&#8221;https:\/\/youtu.be\/q3wBKz&#8211;Bew&#8221;][\/vc_column][vc_column width=&#8221;1\/3&#8243;][\/vc_column][vc_column width=&#8221;1\/3&#8243;][\/vc_column][\/vc_row][vc_row][vc_column][mk_padding_divider size=&#8221;60&#8243;][mk_fancy_title tag_name=&#8221;h3&#8243; color=&#8221;#ee1a31&#8243; size=&#8221;40&#8243; force_font_size=&#8221;true&#8221; size_tablet=&#8221;25&#8243; size_phone=&#8221;20&#8243; line_height=&#8221;80&#8243; font_weight=&#8221;400&#8243; margin_bottom=&#8221;0&#8243; font_family=&#8221;Poppins&#8221; font_type=&#8221;google&#8221;]Apresenta\u00e7\u00f5es sobre Psor\u00edase[\/mk_fancy_title][mk_fancy_title tag_name=&#8221;h5&#8243; color=&#8221;#000000&#8243; size=&#8221;24&#8243; font_weight=&#8221;400&#8243; txt_transform=&#8221;none&#8221; margin_bottom=&#8221;0&#8243; font_family=&#8221;Poppins&#8221; font_type=&#8221;google&#8221;]no 40\u00ba CONGRESSO RADLA BRASIL 2023[\/mk_fancy_title][\/vc_column][\/vc_row][vc_row id=&#8221;sitios&#8221;][vc_column width=&#8221;1\/3&#8243;][vc_video title=&#8221;1. Avan\u00e7os no manejo da psor\u00edase do couro Cabuelludo | Claudia de la Cruz, MD | Chile&#8221; link=&#8221;https:\/\/youtu.be\/VOXat1WG2ZY&#8221;][\/vc_column][vc_column width=&#8221;1\/3&#8243;][vc_video title=&#8221;2. Avan\u00e7os no tratamento da psor\u00edase ungueal |Enrique Rivas, MD | Guatemala&#8221; link=&#8221;https:\/\/www.youtube.com\/watch?v=xZavODjFEZc&#8221;][\/vc_column][vc_column width=&#8221;1\/3&#8243;][vc_video title=&#8221;3. Como trato as unhas | Fernando Valenzuela, MD | Chile&#8221; link=&#8221;https:\/\/www.youtube.com\/watch?v=iUo8n9XrF7g&#8221;][\/vc_column][\/vc_row][vc_row id=&#8221;sitios&#8221;][vc_column][mk_padding_divider visibility=&#8221;hidden-sm&#8221;][\/vc_column][\/vc_row][vc_row id=&#8221;sitios&#8221;][vc_column width=&#8221;1\/3&#8243;][vc_video title=&#8221;4. Avan\u00e7os no tratamento da psor\u00edase palmoplantar | Anber Tanaka, MD | Brazil&#8221; link=&#8221;https:\/\/www.youtube.com\/watch?v=3uJQSgbX3lc&#8221;][\/vc_column][vc_column width=&#8221;1\/3&#8243;][vc_video title=&#8221;5. Metotrexato na doen\u00e7a psori\u00e1tica | Angela Londono, MSc, MD | Colombia&#8221; link=&#8221;https:\/\/www.youtube.com\/watch?v=jycnIzBK6q0&#8243;][\/vc_column][vc_column width=&#8221;1\/3&#8243;][vc_video title=&#8221;6. Incapacidade Acumulada n\u00e3o afeta a vida de Pacientes com Psor\u00edase | Ricardo Romiti Doutorado | Brasil&#8221; link=&#8221;https:\/\/www.youtube.com\/watch?v=SxO9rAGhNlk&#8221;][\/vc_column][\/vc_row][vc_row id=&#8221;sitios&#8221;][vc_column][mk_padding_divider visibility=&#8221;hidden-sm&#8221;][\/vc_column][\/vc_row][vc_row id=&#8221;sitios&#8221;][vc_column width=&#8221;1\/3&#8243;][vc_video title=&#8221;7. GPP: Ainda \u00e9 uma doen\u00e7a negligenciada? | Juan Ra\u00fal Castro Ayarza, MD | Colombia&#8221; link=&#8221;https:\/\/www.youtube.com\/watch?v=pBuCipezjDY&#8221;][\/vc_column][vc_column width=&#8221;1\/3&#8243;][vc_video title=&#8221;8. Pequenas mol\u00e9culas no tratamento da psor\u00edase | Gabriel Magari\u00f1os, MD | Argentina&#8221; link=&#8221;https:\/\/www.youtube.com\/watch?v=AwgrnnZoGHM&#8221;][\/vc_column][vc_column width=&#8221;1\/3&#8243;][vc_video title=&#8221;9. Novos Biol\u00f3gicos | Andr\u00e9 Carvalho, MD, PhD | Brasil&#8221; link=&#8221;https:\/\/www.youtube.com\/watch?v=w5YvQ59as2Q&#8221;][\/vc_column][\/vc_row][vc_row id=&#8221;sitios&#8221;][vc_column][mk_padding_divider visibility=&#8221;hidden-sm&#8221;][\/vc_column][\/vc_row][vc_row id=&#8221;sitios&#8221;][vc_column width=&#8221;1\/3&#8243;][vc_video title=&#8221;10. Painel de Discuss\u00e3o: Avan\u00e7os no Tratamento da Psor\u00edase&#8221; link=&#8221;https:\/\/www.youtube.com\/watch?v=VseYayABlgY&#8221;][\/vc_column][vc_column width=&#8221;1\/3&#8243;][\/vc_column][vc_column width=&#8221;1\/3&#8243;][\/vc_column][\/vc_row][vc_row id=&#8221;sitios&#8221;][vc_column][mk_padding_divider visibility=&#8221;hidden-sm&#8221;][\/vc_column][\/vc_row][vc_row][vc_column][mk_padding_divider size=&#8221;60&#8243;][mk_fancy_title tag_name=&#8221;h3&#8243; color=&#8221;#ee1a31&#8243; size=&#8221;40&#8243; force_font_size=&#8221;true&#8221; size_tablet=&#8221;25&#8243; size_phone=&#8221;20&#8243; line_height=&#8221;80&#8243; font_weight=&#8221;400&#8243; margin_bottom=&#8221;0&#8243; font_family=&#8221;Poppins&#8221; font_type=&#8221;google&#8221;]Apresenta\u00e7\u00f5es sobre Psor\u00edase[\/mk_fancy_title][mk_fancy_title tag_name=&#8221;h5&#8243; color=&#8221;#000000&#8243; size=&#8221;24&#8243; font_weight=&#8221;400&#8243; txt_transform=&#8221;none&#8221; margin_bottom=&#8221;0&#8243; font_family=&#8221;Poppins&#8221; font_type=&#8221;google&#8221;]no XXXIX CONGRESSO RADLA CHILE 2022[\/mk_fancy_title][\/vc_column][\/vc_row][vc_row id=&#8221;sitios&#8221;][vc_column width=&#8221;1\/3&#8243;][vc_video title=&#8221;Curso de Medicina Interna e Pele&#8221; link=&#8221;https:\/\/youtu.be\/HyyOsAw-6P0&#8243;][\/vc_column][vc_column width=&#8221;1\/3&#8243;][vc_video title=&#8221;Pacientes super respondedores, uma janela de oportunidade&#8221; link=&#8221;https:\/\/youtu.be\/YX65D_Yydo8&#8243;][\/vc_column][vc_column width=&#8221;1\/3&#8243;][vc_video title=&#8221;Pitir\u00edase rubra pilar vs Psor\u00edase&#8221; link=&#8221;https:\/\/youtu.be\/2nRK2gpNDvI&#8221;][\/vc_column][\/vc_row][vc_row id=&#8221;sitios&#8221;][vc_column][mk_padding_divider visibility=&#8221;hidden-sm&#8221;][\/vc_column][\/vc_row][vc_row id=&#8221;sitios&#8221;][vc_column width=&#8221;1\/3&#8243;][vc_video title=&#8221;Simp\u00f3sio IPC RADLA 2022&#8243; link=&#8221;https:\/\/youtu.be\/2Sqod7dCvSM&#8221;][\/vc_column][vc_column width=&#8221;1\/3&#8243;][vc_video title=&#8221;Psor\u00edase e gravidez&#8221; link=&#8221;https:\/\/youtu.be\/K7XtBhjoj_g&#8221;][\/vc_column][vc_column width=&#8221;1\/3&#8243;][vc_video title=&#8221;Inibidores de JAK&#8221; link=&#8221;https:\/\/youtu.be\/FV1WADmgDJE&#8221;][\/vc_column][\/vc_row][vc_row id=&#8221;sitios&#8221;][vc_column][mk_padding_divider visibility=&#8221;hidden-sm&#8221;][\/vc_column][\/vc_row][vc_row id=&#8221;sitios&#8221;][vc_column width=&#8221;1\/3&#8243;][vc_video title=&#8221;New Therapeutic targets in psoriasis (VERS\u00c3O EM ESPANHOL)&#8221; link=&#8221;https:\/\/youtu.be\/vNmCfzDlImk&#8221;][\/vc_column][vc_column width=&#8221;1\/3&#8243;][vc_video title=&#8221;O que h\u00e1 de novo na Psor\u00edase&#8221; link=&#8221;https:\/\/youtu.be\/SlFmr3vThFE&#8221;][\/vc_column][vc_column width=&#8221;1\/3&#8243;][vc_video title=&#8221;Epidemiologia da Psor\u00edase na Am\u00e9rica Latina&#8221; link=&#8221;https:\/\/youtu.be\/HXKjI3NBuIM&#8221;][\/vc_column][\/vc_row][vc_row id=&#8221;sitios&#8221;][vc_column][mk_padding_divider visibility=&#8221;hidden-sm&#8221;][\/vc_column][\/vc_row][vc_row id=&#8221;sitios&#8221;][vc_column width=&#8221;1\/3&#8243;][vc_video title=&#8221;COVID e psor\u00edase&#8221; link=&#8221;https:\/\/youtu.be\/O5VhV4jbK4k&#8221;][\/vc_column][vc_column width=&#8221;1\/3&#8243;][vc_video title=&#8221;Interleucina 36&#8243; link=&#8221;https:\/\/youtu.be\/bbhfWctMsOM&#8221;][\/vc_column][vc_column width=&#8221;1\/3&#8243;][\/vc_column][\/vc_row][vc_row][vc_column][mk_padding_divider size=&#8221;60&#8243;][mk_fancy_title tag_name=&#8221;h3&#8243; color=&#8221;#ee1a31&#8243; size=&#8221;40&#8243; force_font_size=&#8221;true&#8221; size_tablet=&#8221;25&#8243; size_phone=&#8221;20&#8243; font_weight=&#8221;400&#8243; font_family=&#8221;Poppins&#8221; font_type=&#8221;google&#8221;]V\u00eddeos informativos[\/mk_fancy_title][\/vc_column][\/vc_row][vc_row id=&#8221;sitios&#8221;][vc_column width=&#8221;1\/3&#8243;][vc_video title=&#8221;O que \u00e9 psor\u00edase?&#8221; link=&#8221;https:\/\/vimeo.com\/805468698&#8243; custom_thumbnail=&#8221;true&#8221; thumbnail_image=&#8221;5418&#8243;][\/vc_column][vc_column width=&#8221;1\/3&#8243;][vc_video title=&#8221;Psor\u00edase ungueal&#8221; link=&#8221;https:\/\/vimeo.com\/805468795&#8243; custom_thumbnail=&#8221;true&#8221; thumbnail_image=&#8221;5416&#8243;][\/vc_column][vc_column width=&#8221;1\/3&#8243;][vc_video title=&#8221;Psor\u00edase Eritrod\u00e9rmica&#8221; link=&#8221;https:\/\/vimeo.com\/805468897&#8243; custom_thumbnail=&#8221;true&#8221; thumbnail_image=&#8221;5417&#8243;][\/vc_column][\/vc_row][vc_row][vc_column][mk_padding_divider size=&#8221;60&#8243;][mk_fancy_title tag_name=&#8221;h3&#8243; color=&#8221;#ee1a31&#8243; size=&#8221;40&#8243; force_font_size=&#8221;true&#8221; size_tablet=&#8221;25&#8243; size_phone=&#8221;20&#8243; font_weight=&#8221;400&#8243; font_family=&#8221;Poppins&#8221; font_type=&#8221;google&#8221;]Nossa sele\u00e7\u00e3o[\/mk_fancy_title][\/vc_column][\/vc_row][vc_row id=&#8221;sitios&#8221;][vc_column width=&#8221;1\/3&#8243;][vc_video link=&#8221;https:\/\/vimeo.com\/662350862&#8243; custom_thumbnail=&#8221;true&#8221; thumbnail_image=&#8221;5144&#8243;][\/vc_column][vc_column width=&#8221;1\/3&#8243;][vc_video link=&#8221;https:\/\/vimeo.com\/662349591&#8243; custom_thumbnail=&#8221;true&#8221; thumbnail_image=&#8221;5145&#8243;][\/vc_column][vc_column width=&#8221;1\/3&#8243;][vc_video link=&#8221;https:\/\/vimeo.com\/662348376&#8243; custom_thumbnail=&#8221;true&#8221; thumbnail_image=&#8221;5146&#8243;][\/vc_column][\/vc_row][vc_row][vc_column][mk_padding_divider][\/vc_column][\/vc_row][vc_row id=&#8221;sitios&#8221;][vc_column width=&#8221;1\/3&#8243;][vc_video link=&#8221;https:\/\/vimeo.com\/662347370&#8243; custom_thumbnail=&#8221;true&#8221; thumbnail_image=&#8221;5147&#8243;][\/vc_column][vc_column width=&#8221;1\/3&#8243;][vc_video link=&#8221;https:\/\/vimeo.com\/662346751&#8243; custom_thumbnail=&#8221;true&#8221; thumbnail_image=&#8221;5142&#8243;][\/vc_column][vc_column width=&#8221;1\/3&#8243;][vc_video link=&#8221;https:\/\/vimeo.com\/662341255&#8243; custom_thumbnail=&#8221;true&#8221; thumbnail_image=&#8221;5149&#8243;][\/vc_column][\/vc_row][vc_row][vc_column][mk_padding_divider][\/vc_column][\/vc_row][vc_row id=&#8221;sitios&#8221;][vc_column width=&#8221;1\/3&#8243;][vc_video link=&#8221;https:\/\/vimeo.com\/662340427&#8243; custom_thumbnail=&#8221;true&#8221; thumbnail_image=&#8221;5151&#8243;][\/vc_column][vc_column width=&#8221;1\/3&#8243;][vc_video link=&#8221;https:\/\/vimeo.com\/662339331&#8243; custom_thumbnail=&#8221;true&#8221; thumbnail_image=&#8221;5153&#8243;][\/vc_column][vc_column width=&#8221;1\/3&#8243;][\/vc_column][\/vc_row][vc_row][vc_column][mk_padding_divider][\/vc_column][\/vc_row][vc_row fullwidth=&#8221;true&#8221; fullwidth_content=&#8221;false&#8221; disable_element=&#8221;yes&#8221;][vc_column width=&#8221;1\/3&#8243;][mk_padding_divider size=&#8221;100&#8243;][vc_column_text disable_pattern=&#8221;false&#8221; margin_bottom=&#8221;5&#8243; animation=&#8221;top-to-bottom&#8221;]\n<div style=\"font-size: 20px;\">Sa\u00fade para a vida<\/div>\n[\/vc_column_text][mk_fancy_title tag_name=&#8221;h4&#8243; color=&#8221;#ee1a31&#8243; size=&#8221;60&#8243; force_font_size=&#8221;true&#8221; size_tablet=&#8221;40&#8243; line_height=&#8221;95&#8243; font_weight=&#8221;400&#8243; txt_transform=&#8221;capitalize&#8221; margin_bottom=&#8221;30&#8243; font_family=&#8221;Poppins&#8221; font_type=&#8221;google&#8221; animation=&#8221;top-to-bottom&#8221;]A esperan\u00e7a vive aqui[\/mk_fancy_title][mk_icon_box icon=&#8221;mk-icon-check-square-o&#8221; title=&#8221;Curabitur aliquet quam.&#8221; icon_size=&#8221;large&#8221; icon_color=&#8221;#ee1a31&#8243; icon_circle_color=&#8221;&#8221; title_color=&#8221;#666666&#8243; margin=&#8221;0&#8243;][\/mk_icon_box][mk_icon_box icon=&#8221;mk-icon-check-square-o&#8221; title=&#8221;orem ipsum dolor sit amet conse ctetur adip iscing elit.&#8221; icon_size=&#8221;large&#8221; icon_color=&#8221;#ee1a31&#8243; icon_circle_color=&#8221;&#8221; title_color=&#8221;#666666&#8243; margin=&#8221;10&#8243;][\/mk_icon_box][mk_icon_box icon=&#8221;mk-icon-check-square-o&#8221; title=&#8221;Curabitur aliquet quam.&#8221; icon_size=&#8221;large&#8221; icon_color=&#8221;#ee1a31&#8243; icon_circle_color=&#8221;&#8221; title_color=&#8221;#666666&#8243; margin=&#8221;0&#8243;][\/mk_icon_box][mk_icon_box icon=&#8221;mk-icon-check-square-o&#8221; title=&#8221;Curabitur aliquet quam.&#8221; icon_size=&#8221;large&#8221; icon_color=&#8221;#ee1a31&#8243; icon_circle_color=&#8221;&#8221; title_color=&#8221;#666666&#8243; margin=&#8221;0&#8243;][\/mk_icon_box][\/vc_column][vc_column width=&#8221;2\/3&#8243;][mk_image src=&#8221;http:\/\/demos.artbees.net\/jupiter5\/summanus\/wp-content\/uploads\/sites\/99\/2016\/04\/about-bg-07.jpg&#8221; image_size=&#8221;medium&#8221; margin_bottom=&#8221;0&#8243;][\/vc_column][\/vc_row][mk_page_section bg_image=&#8221;https:\/\/solapso.com\/wp-content\/uploads\/2022\/01\/latinoamerica.jpg&#8221; bg_position=&#8221;center center&#8221; bg_repeat=&#8221;no-repeat&#8221; bg_stretch=&#8221;true&#8221; video_color_mask=&#8221;#ed6d7c&#8221; video_opacity=&#8221;0.3&#8243; padding_top=&#8221;40&#8243; padding_bottom=&#8221;20&#8243; sidebar=&#8221;sidebar-1&#8243;][vc_column][vc_column_text disable_pattern=&#8221;false&#8221; margin_bottom=&#8221;5&#8243; animation=&#8221;top-to-bottom&#8221; css=&#8221;.vc_custom_1641324025334{margin-bottom: 5px !important;}&#8221;]<span style=\"color: #ffffff;\">Sociedade Latino-Americana de Psor\u00edase<\/span>[\/vc_column_text][mk_fancy_title tag_name=&#8221;h3&#8243; color=&#8221;#ffffff&#8221; size=&#8221;86&#8243; force_font_size=&#8221;true&#8221; size_tablet=&#8221;40&#8243; font_weight=&#8221;400&#8243; txt_transform=&#8221;none&#8221; margin_bottom=&#8221;30&#8243; font_family=&#8221;Poppins&#8221; font_type=&#8221;google&#8221; animation=&#8221;top-to-bottom&#8221;]Solapso[\/mk_fancy_title][vc_row_inner][vc_column_inner width=&#8221;2\/3&#8243;][vc_column_text disable_pattern=&#8221;false&#8221; margin_bottom=&#8221;80&#8243; css=&#8221;.vc_custom_1641324007369{margin-bottom: 80px !important;}&#8221;]\n<div style=\"color: #fff; font-size: 24px; line-height: 36px;\">A maior rede de profissionais especializados em psor\u00edase da Am\u00e9rica Latina.<\/div>\n[\/vc_column_text][\/vc_column_inner][vc_column_inner width=&#8221;1\/3&#8243;][\/vc_column_inner][\/vc_row_inner][vc_row_inner][vc_column_inner width=&#8221;1\/4&#8243;][mk_milestone icon=&#8221;mk-icon-user-md&#8221; icon_size=&#8221;medium&#8221; align=&#8221;center&#8221; icon_color=&#8221;#ffffff&#8221; stop=&#8221;500&#8243; speed=&#8221;4000&#8243; prefix=&#8221;+&#8221; text=&#8221;PROFISSIONAIS&#8221; text_color=&#8221;#ffffff&#8221; text_size=&#8221;18&#8243; font_family=&#8221;Poppins&#8221; font_type=&#8221;google&#8221;][mk_padding_divider visibility=&#8221;visible-sm&#8221;][\/vc_column_inner][vc_column_inner width=&#8221;1\/4&#8243;][mk_milestone icon=&#8221;mk-moon-aid&#8221; icon_size=&#8221;medium&#8221; align=&#8221;center&#8221; icon_color=&#8221;#ffffff&#8221; stop=&#8221;6&#8243; speed=&#8221;4000&#8243; text=&#8221;ESPECIALIDADES&#8221; text_color=&#8221;#ffffff&#8221; text_size=&#8221;18&#8243; font_family=&#8221;Poppins&#8221; font_type=&#8221;google&#8221;][mk_padding_divider visibility=&#8221;visible-sm&#8221;][\/vc_column_inner][vc_column_inner width=&#8221;1\/4&#8243;][mk_milestone icon=&#8221;mk-moon-flag&#8221; icon_size=&#8221;medium&#8221; align=&#8221;center&#8221; icon_color=&#8221;#ffffff&#8221; stop=&#8221;20&#8243; speed=&#8221;3000&#8243; text=&#8221;PA\u00cdSES&#8221; text_color=&#8221;#ffffff&#8221; text_size=&#8221;18&#8243; font_family=&#8221;Poppins&#8221; font_type=&#8221;google&#8221;][mk_padding_divider visibility=&#8221;visible-sm&#8221;][\/vc_column_inner][vc_column_inner width=&#8221;1\/4&#8243;][mk_milestone icon=&#8221;mk-moon-bubbles-2&#8243; icon_size=&#8221;medium&#8221; align=&#8221;center&#8221; icon_color=&#8221;#ffffff&#8221; stop=&#8221;7&#8243; speed=&#8221;6000&#8243; text=&#8221;CONGRESSOS&#8221; text_color=&#8221;#ffffff&#8221; text_size=&#8221;18&#8243; font_family=&#8221;Poppins&#8221; font_type=&#8221;google&#8221;][\/vc_column_inner][\/vc_row_inner][\/vc_column][\/mk_page_section]\n<\/div>","protected":false},"excerpt":{"rendered":"<p>[mk_page_section bg_image=&#8221;https:\/\/solapso.com\/wp-content\/uploads\/2022\/01\/essential-events-1366&#215;420-1.png&#8221; bg_color=&#8221;rgba(123,123,123,0.48)&#8221; blend_mode=&#8221;multiply&#8221; bg_position=&#8221;center center&#8221; bg_repeat=&#8221;no-repeat&#8221; bg_stretch=&#8221;true&#8221; video_opacity=&#8221;0.9&#8243; js_vertical_centered=&#8221;true&#8221; padding_top=&#8221;0&#8243; padding_bottom=&#8221;140&#8243; sidebar=&#8221;sidebar-1&#8243;][vc_column][mk_padding_divider size=&#8221;60&#8243;][mk_fancy_title tag_name=&#8221;h5&#8243; color=&#8221;#ffffff&#8221; size=&#8221;24&#8243; line_height=&#8221;90&#8243; font_weight=&#8221;400&#8243; txt_transform=&#8221;uppercase&#8221; margin_bottom=&#8221;0&#8243; font_family=&#8221;Poppins&#8221; font_type=&#8221;google&#8221;]Videoteca[\/mk_fancy_title][mk_fancy_title tag_name=&#8221;h1&#8243; color=&#8221;#ffffff&#8221; size=&#8221;46&#8243; force_font_size=&#8221;true&#8221; size_tablet=&#8221;35&#8243; line_height=&#8221;105&#8243; font_weight=&#8221;bold&#8221; txt_transform=&#8221;uppercase&#8221; margin_bottom=&#8221;0&#8243; font_family=&#8221;Poppins&#8221; font_type=&#8221;google&#8221;]\u00c0 sua disposi\u00e7\u00e3o Grava\u00e7\u00e3o de confer\u00eancias[\/mk_fancy_title][mk_fancy_title tag_name=&#8221;h5&#8243; color=&#8221;#ffffff&#8221; size=&#8221;20&#8243; font_weight=&#8221;400&#8243; txt_transform=&#8221;none&#8221; margin_bottom=&#8221;0&#8243; font_family=&#8221;Poppins&#8221; font_type=&#8221;google&#8221;]Uma sele\u00e7\u00e3o de confer\u00eancias e sess\u00f5es sobre psor\u00edase de [&hellip;]<\/p>\n","protected":false},"author":3297,"featured_media":0,"parent":0,"menu_order":0,"comment_status":"closed","ping_status":"closed","template":"","meta":{"footnotes":""},"class_list":["post-5853","page","type-page","status-publish","hentry"],"publishpress_future_action":{"enabled":false,"date":"2026-04-22 04:12:29","action":"change-status","newStatus":"draft","terms":[],"taxonomy":"translation_priority","extraData":[]},"publishpress_future_workflow_manual_trigger":{"enabledWorkflows":[]},"_links":{"self":[{"href":"https:\/\/solapso.com\/pt-br\/wp-json\/wp\/v2\/pages\/5853","targetHints":{"allow":["GET"]}}],"collection":[{"href":"https:\/\/solapso.com\/pt-br\/wp-json\/wp\/v2\/pages"}],"about":[{"href":"https:\/\/solapso.com\/pt-br\/wp-json\/wp\/v2\/types\/page"}],"author":[{"embeddable":true,"href":"https:\/\/solapso.com\/pt-br\/wp-json\/wp\/v2\/users\/3297"}],"replies":[{"embeddable":true,"href":"https:\/\/solapso.com\/pt-br\/wp-json\/wp\/v2\/comments?post=5853"}],"version-history":[{"count":3,"href":"https:\/\/solapso.com\/pt-br\/wp-json\/wp\/v2\/pages\/5853\/revisions"}],"predecessor-version":[{"id":6272,"href":"https:\/\/solapso.com\/pt-br\/wp-json\/wp\/v2\/pages\/5853\/revisions\/6272"}],"wp:attachment":[{"href":"https:\/\/solapso.com\/pt-br\/wp-json\/wp\/v2\/media?parent=5853"}],"curies":[{"name":"wp","href":"https:\/\/api.w.org\/{rel}","templated":true}]}}