{"id":5764,"date":"2024-11-30T23:54:37","date_gmt":"2024-11-30T23:54:37","guid":{"rendered":"https:\/\/solapso.com\/congresso-de-solapso-2024\/"},"modified":"2024-11-30T23:56:04","modified_gmt":"2024-11-30T23:56:04","slug":"congresso-de-solapso-2024","status":"publish","type":"page","link":"https:\/\/solapso.com\/pt-br\/congresso-de-solapso-2024\/","title":{"rendered":"CONGRESSO DE SOLAPSO 2024"},"content":{"rendered":"<div class=\"wpb-content-wrapper\">[mk_page_section vertical_align=&#8221;top&#8221; bg_image=&#8221;https:\/\/solapso.com\/wp-content\/uploads\/2024\/01\/congresosolaps2024.png&#8221; bg_color=&#8221;rgba(255,255,255,0.36)&#8221; blend_mode=&#8221;multiply&#8221; bg_position=&#8221;center bottom&#8221; bg_repeat=&#8221;no-repeat&#8221; bg_stretch=&#8221;true&#8221; video_opacity=&#8221;0.9&#8243; padding_top=&#8221;0&#8243; padding_bottom=&#8221;40&#8243; sidebar=&#8221;sidebar-1&#8243;][vc_column][mk_padding_divider size=&#8221;100&#8243;][vc_row_inner][vc_column_inner width=&#8221;1\/2&#8243;][vc_column_text animation=&#8221;scale-up&#8221; css=&#8221;.vc_custom_1727515663482{margin-bottom: 0px !important;}&#8221;]<strong><span style=\"color: #000000;\"><mark> &#8212; <span style=\"font-size: 18px;\">\u00daltima atualiza\u00e7\u00e3o em 28 de setembro de 2024<\/span> <\/mark><\/span><\/strong>[\/vc_column_text][mk_button dimension=&#8221;flat&#8221; size=&#8221;xx-large&#8221; icon=&#8221;mk-moon-file-pdf&#8221; url=&#8221;https:\/\/solapso.com\/wp-content\/uploads\/2024\/09\/programa_solapso_final.pdf&#8221; target=&#8221;_blank&#8221; align=&#8221;none&#8221; margin_top=&#8221;15&#8243; animation=&#8221;fade-in&#8221; bg_color=&#8221;#ffffff&#8221; btn_hover_bg=&#8221;#ee1a31&#8243; text_color=&#8221;dark&#8221; btn_hover_txt_color=&#8221;#ffffff&#8221;]Fa\u00e7a o download do programa atualizado[\/mk_button][mk_button dimension=&#8221;flat&#8221; size=&#8221;xx-large&#8221; letter_spacing=&#8221;4&#8243; icon=&#8221;mk-icon-long-arrow-right&#8221; url=&#8221;https:\/\/gravita.cl\/eventotal\/solapso2024\/&#8221; target=&#8221;_blank&#8221; align=&#8221;none&#8221; margin_top=&#8221;15&#8243; animation=&#8221;fade-in&#8221; bg_color=&#8221;#81d742&#8243; btn_hover_bg=&#8221;#ee1a31&#8243; text_color=&#8221;dark&#8221; btn_hover_txt_color=&#8221;#ffffff&#8221;]Registro on-line[\/mk_button][mk_fancy_title tag_name=&#8221;h1&#8243; color=&#8221;#ffffff&#8221; size=&#8221;36&#8243; force_font_size=&#8221;true&#8221; size_tablet=&#8221;25&#8243; font_weight=&#8221;bold&#8221; txt_transform=&#8221;uppercase&#8221; margin_bottom=&#8221;0&#8243; font_family=&#8221;Poppins&#8221; font_type=&#8221;google&#8221; responsive_align=&#8221;left&#8221;]Congresso SOLAPSO 2024[\/mk_fancy_title][\/vc_column_inner][vc_column_inner width=&#8221;1\/2&#8243;][\/vc_column_inner][\/vc_row_inner][\/vc_column][\/mk_page_section][vc_row fullwidth=&#8221;true&#8221; fullwidth_content=&#8221;false&#8221;][vc_column][vc_column_text css=&#8221;.vc_custom_1727516143730{margin-bottom: 0px !important;}&#8221;]<img loading=\"lazy\" decoding=\"async\" class=\"alignnone wp-image-5644 size-full\" src=\"https:\/\/solapso.com\/wp-content\/uploads\/2024\/09\/auspiciadores_solapso_2.png\" alt=\"\" width=\"1920\" height=\"1080\" srcset=\"https:\/\/solapso.com\/wp-content\/uploads\/2024\/09\/auspiciadores_solapso_2.png 1920w, https:\/\/solapso.com\/wp-content\/uploads\/2024\/09\/auspiciadores_solapso_2-300x169.png 300w, https:\/\/solapso.com\/wp-content\/uploads\/2024\/09\/auspiciadores_solapso_2-1024x576.png 1024w, https:\/\/solapso.com\/wp-content\/uploads\/2024\/09\/auspiciadores_solapso_2-768x432.png 768w, https:\/\/solapso.com\/wp-content\/uploads\/2024\/09\/auspiciadores_solapso_2-1536x864.png 1536w\" sizes=\"auto, (max-width: 1920px) 100vw, 1920px\" \/>[\/vc_column_text][mk_padding_divider size=&#8221;60&#8243;][\/vc_column][\/vc_row][vc_row][vc_column][mk_image src=&#8221;https:\/\/solapso.com\/wp-content\/uploads\/2024\/06\/services-bg-04.jpg&#8221; image_size=&#8221;full&#8221; align=&#8221;center&#8221; margin_bottom=&#8221;0&#8243;][\/vc_column][\/vc_row][vc_row][vc_column][mk_divider style=&#8221;thin_solid&#8221; thin_single_color=&#8221;#ee1a31&#8243; thickness=&#8221;2&#8243; margin_top=&#8221;0&#8243; margin_bottom=&#8221;50&#8243;][\/vc_column][\/vc_row][vc_row][vc_column width=&#8221;1\/3&#8243;][mk_fancy_title tag_name=&#8221;h4&#8243; color=&#8221;#ee1a31&#8243; size=&#8221;36&#8243; force_font_size=&#8221;true&#8221; size_tablet=&#8221;30&#8243; font_weight=&#8221;400&#8243; txt_transform=&#8221;capitalize&#8221; margin_top=&#8221;20&#8243; margin_bottom=&#8221;0&#8243; font_family=&#8221;Poppins&#8221; font_type=&#8221;google&#8221;]Mantenha-se informado[\/mk_fancy_title][vc_column_text disable_pattern=&#8221;false&#8221; margin_bottom=&#8221;5&#8243; css=&#8221;.vc_custom_1640563083715{margin-bottom: 5px !important;}&#8221;]\n<div style=\"font-size: 16px;\">Registre seu interesse<\/div>\n[\/vc_column_text][vc_column_text disable_pattern=&#8221;false&#8221; css=&#8221;.vc_custom_1640563101067{margin-bottom: 0px !important;}&#8221;]Receba as \u00faltimas not\u00edcias de nossa comunidade.[\/vc_column_text][\/vc_column][vc_column width=&#8221;2\/3&#8243;]\n<div class=\"wpcf7 no-js\" id=\"wpcf7-f6891-o1\" lang=\"pt-BR\" dir=\"ltr\" data-wpcf7-id=\"6891\">\n<div class=\"screen-reader-response\"><p role=\"status\" aria-live=\"polite\" aria-atomic=\"true\"><\/p> <ul><\/ul><\/div>\n<form action=\"\/pt-br\/wp-json\/wp\/v2\/pages\/5764#wpcf7-f6891-o1\" method=\"post\" class=\"wpcf7-form init\" aria-label=\"Formul\u00e1rios de contato\" novalidate=\"novalidate\" data-status=\"init\">\n<fieldset class=\"hidden-fields-container\"><input type=\"hidden\" name=\"_wpcf7\" value=\"6891\" \/><input type=\"hidden\" name=\"_wpcf7_version\" value=\"6.1.5\" \/><input type=\"hidden\" name=\"_wpcf7_locale\" value=\"pt_BR\" \/><input type=\"hidden\" name=\"_wpcf7_unit_tag\" value=\"wpcf7-f6891-o1\" \/><input type=\"hidden\" name=\"_wpcf7_container_post\" value=\"0\" \/><input type=\"hidden\" name=\"_wpcf7_posted_data_hash\" value=\"\" \/><input type=\"hidden\" name=\"_wpcf7_recaptcha_response\" value=\"\" \/>\n<\/fieldset>\n<p><span class=\"wpcf7-form-control-wrap\" data-name=\"Usuario\"><select class=\"wpcf7-form-control wpcf7-select wpcf7-validates-as-required\" aria-required=\"true\" aria-invalid=\"false\" name=\"Usuario\"><option value=\"Sou Profissional\">Sou Profissional<\/option><option value=\"Sou Paciente\">Sou Paciente<\/option><\/select><\/span><br \/>\n<span class=\"wpcf7-form-control-wrap\" data-name=\"your-name\"><input size=\"40\" maxlength=\"400\" class=\"wpcf7-form-control wpcf7-text wpcf7-validates-as-required\" aria-required=\"true\" aria-invalid=\"false\" placeholder=\"Nome\" value=\"\" type=\"text\" name=\"your-name\" \/><\/span><br \/>\n<span class=\"wpcf7-form-control-wrap\" data-name=\"your-name\"><input size=\"40\" maxlength=\"400\" class=\"wpcf7-form-control wpcf7-text wpcf7-validates-as-required\" aria-required=\"true\" aria-invalid=\"false\" placeholder=\"Telefone\/Celular\" value=\"\" type=\"text\" name=\"your-name\" \/><\/span><br \/>\n<span class=\"wpcf7-form-control-wrap\" data-name=\"your-name\"><input size=\"40\" maxlength=\"400\" class=\"wpcf7-form-control wpcf7-text wpcf7-validates-as-required\" aria-required=\"true\" aria-invalid=\"false\" placeholder=\"Email\" value=\"\" type=\"text\" name=\"your-name\" \/><\/span><br \/>\n\n<\/p>\n<p><input class=\"wpcf7-form-control wpcf7-submit has-spinner\" type=\"submit\" value=\"Enviar\" \/>\n<\/p><div class=\"wpcf7-response-output\" aria-hidden=\"true\"><\/div>\n<\/form>\n<\/div>\n[\/vc_column][\/vc_row][vc_row][vc_column][mk_padding_divider][\/vc_column][\/vc_row]\n<\/div>","protected":false},"excerpt":{"rendered":"<p>[mk_page_section vertical_align=&#8221;top&#8221; bg_image=&#8221;https:\/\/solapso.com\/wp-content\/uploads\/2024\/01\/congresosolaps2024.png&#8221; bg_color=&#8221;rgba(255,255,255,0.36)&#8221; blend_mode=&#8221;multiply&#8221; bg_position=&#8221;center bottom&#8221; bg_repeat=&#8221;no-repeat&#8221; bg_stretch=&#8221;true&#8221; video_opacity=&#8221;0.9&#8243; padding_top=&#8221;0&#8243; padding_bottom=&#8221;40&#8243; sidebar=&#8221;sidebar-1&#8243;][vc_column][mk_padding_divider size=&#8221;100&#8243;][vc_row_inner][vc_column_inner width=&#8221;1\/2&#8243;][vc_column_text animation=&#8221;scale-up&#8221; css=&#8221;.vc_custom_1727515663482{margin-bottom: 0px !important;}&#8221;] &#8212; \u00daltima atualiza\u00e7\u00e3o em 28 de setembro de 2024 [\/vc_column_text][mk_button dimension=&#8221;flat&#8221; [&hellip;]<\/p>\n","protected":false},"author":3297,"featured_media":0,"parent":0,"menu_order":0,"comment_status":"closed","ping_status":"closed","template":"","meta":{"footnotes":""},"class_list":["post-5764","page","type-page","status-publish","hentry"],"publishpress_future_action":{"enabled":false,"date":"2026-05-07 09:14:29","action":"change-status","newStatus":"draft","terms":[],"taxonomy":"translation_priority","extraData":[]},"publishpress_future_workflow_manual_trigger":{"enabledWorkflows":[]},"_links":{"self":[{"href":"https:\/\/solapso.com\/pt-br\/wp-json\/wp\/v2\/pages\/5764","targetHints":{"allow":["GET"]}}],"collection":[{"href":"https:\/\/solapso.com\/pt-br\/wp-json\/wp\/v2\/pages"}],"about":[{"href":"https:\/\/solapso.com\/pt-br\/wp-json\/wp\/v2\/types\/page"}],"author":[{"embeddable":true,"href":"https:\/\/solapso.com\/pt-br\/wp-json\/wp\/v2\/users\/3297"}],"replies":[{"embeddable":true,"href":"https:\/\/solapso.com\/pt-br\/wp-json\/wp\/v2\/comments?post=5764"}],"version-history":[{"count":0,"href":"https:\/\/solapso.com\/pt-br\/wp-json\/wp\/v2\/pages\/5764\/revisions"}],"wp:attachment":[{"href":"https:\/\/solapso.com\/pt-br\/wp-json\/wp\/v2\/media?parent=5764"}],"curies":[{"name":"wp","href":"https:\/\/api.w.org\/{rel}","templated":true}]}}