{"id":5750,"date":"2024-11-30T23:50:15","date_gmt":"2024-11-30T23:50:15","guid":{"rendered":"https:\/\/solapso.com\/sobre-nos\/"},"modified":"2025-08-20T15:39:38","modified_gmt":"2025-08-20T15:39:38","slug":"sobre-nos","status":"publish","type":"page","link":"https:\/\/solapso.com\/pt-br\/sobre-nos\/","title":{"rendered":"Sobre n\u00f3s"},"content":{"rendered":"<div class=\"wpb-content-wrapper\">[mk_page_section bg_image=&#8221;https:\/\/solapso.com\/wp-content\/uploads\/2021\/12\/nm-psoriasis_feature.jpg&#8221; bg_color=&#8221;rgba(123,123,123,0.48)&#8221; blend_mode=&#8221;multiply&#8221; bg_position=&#8221;center center&#8221; bg_repeat=&#8221;no-repeat&#8221; bg_stretch=&#8221;true&#8221; video_opacity=&#8221;0.9&#8243; js_vertical_centered=&#8221;true&#8221; padding_top=&#8221;0&#8243; padding_bottom=&#8221;140&#8243; sidebar=&#8221;sidebar-1&#8243;][vc_column][mk_padding_divider size=&#8221;60&#8243;][mk_fancy_title tag_name=&#8221;h5&#8243; color=&#8221;#ffffff&#8221; size=&#8221;24&#8243; line_height=&#8221;90&#8243; font_weight=&#8221;400&#8243; txt_transform=&#8221;uppercase&#8221; margin_bottom=&#8221;0&#8243; font_family=&#8221;Poppins&#8221; font_type=&#8221;google&#8221;]O que \u00e9 SOLAPSO?[\/mk_fancy_title][mk_fancy_title tag_name=&#8221;h1&#8243; color=&#8221;#ffffff&#8221; size=&#8221;46&#8243; force_font_size=&#8221;true&#8221; size_tablet=&#8221;35&#8243; line_height=&#8221;95&#8243; font_weight=&#8221;bold&#8221; txt_transform=&#8221;uppercase&#8221; margin_bottom=&#8221;0&#8243; font_family=&#8221;Poppins&#8221; font_type=&#8221;google&#8221;]organiza\u00e7\u00e3o acad\u00eamica oficial para psor\u00edase<br \/>\n<span style=\"color: #ee1a31;\">com representa\u00e7\u00e3o em toda a Am\u00e9rica Latina<\/span>[\/mk_fancy_title][mk_fancy_title tag_name=&#8221;h5&#8243; color=&#8221;#ffffff&#8221; size=&#8221;20&#8243; font_weight=&#8221;400&#8243; txt_transform=&#8221;none&#8221; margin_bottom=&#8221;0&#8243; font_family=&#8221;Poppins&#8221; font_type=&#8221;google&#8221;]Cuidar das necessidades crescentes de nossa comunidade.[\/mk_fancy_title][mk_button dimension=&#8221;flat&#8221; size=&#8221;medium&#8221; url=&#8221;#junta&#8221; margin_top=&#8221;15&#8243; animation=&#8221;fade-in&#8221; bg_color=&#8221;#c1172f&#8221; btn_hover_bg=&#8221;#ee1a31&#8243;]Detalhes[\/mk_button][\/vc_column][\/mk_page_section][vc_row][vc_column][mk_padding_divider size=&#8221;20&#8243;][mk_fancy_title tag_name=&#8221;h3&#8243; color=&#8221;#ee1a31&#8243; size=&#8221;50&#8243; force_font_size=&#8221;true&#8221; size_tablet=&#8221;30&#8243; size_phone=&#8221;25&#8243; font_weight=&#8221;400&#8243; txt_transform=&#8221;capitalize&#8221; margin_bottom=&#8221;0&#8243; font_family=&#8221;Poppins&#8221; font_type=&#8221;google&#8221;]Solapso[\/mk_fancy_title][\/vc_column][\/vc_row][vc_row][vc_column width=&#8221;1\/2&#8243;][vc_column_text disable_pattern=&#8221;false&#8221; margin_bottom=&#8221;20&#8243; css=&#8221;.vc_custom_1729439934856{margin-bottom: 20px !important;}&#8221;]\n<div style=\"font-color: #666666; font-size: 20px; line-height: 36px;\">Sociedade Latino-Americana de Psor\u00edase e Dermoimunologia<\/div>\n[\/vc_column_text][vc_column_text disable_pattern=&#8221;false&#8221; css=&#8221;.vc_custom_1729437463269{margin-bottom: 0px !important;}&#8221;]\n<p style=\"text-align: justify;\">A SOLAPSO iniciou suas atividades em julho de 2008 em Buenos Aires, Argentina, como uma iniciativa de dermatologistas com ampla experi\u00eancia em pesquisa, diagn\u00f3stico e tratamento da psor\u00edase. Com um interesse comum em promover o desenvolvimento e a dissemina\u00e7\u00e3o do conhecimento nesse campo, em novembro do mesmo ano foi formalmente constitu\u00edda como uma associa\u00e7\u00e3o civil. Desde ent\u00e3o, tem promovido eventos em diferentes pa\u00edses e apoiado publica\u00e7\u00f5es cient\u00edficas, contribuindo para o avan\u00e7o do conhecimento e do tratamento da psor\u00edase em nossa regi\u00e3o. <strong>Desde 2022, a Reuni\u00e3o de Delegados de Bogot\u00e1 decidiu ampliar o espectro de doen\u00e7as para incluir a doen\u00e7a psori\u00e1tica (cut\u00e2nea, articular e suas comorbidades), bem como outras dermatoses imunomediadas, como dermatite at\u00f3pica, alopecia areata, vitiligo, hidradenite supurativa, urtic\u00e1ria cr\u00f4nica e doen\u00e7as autoimunes, como l\u00fapus e dermatomiosite, entre outras.<\/strong> Essa extens\u00e3o \u00e9 o resultado da necessidade de os dermatologistas latino-americanos ampliarem seus conhecimentos sobre essas doen\u00e7as, sua fisiopatologia, diagn\u00f3stico e tratamento, a fim de ajudar nossos pacientes da melhor maneira poss\u00edvel.<\/p>\n[\/vc_column_text][\/vc_column][vc_column width=&#8221;1\/2&#8243;][mk_padding_divider size=&#8221;14&#8243;][mk_lcd_slideshow images=&#8221;5670,5669,5668,5667,5666,5665,5664,5663,5662&#8243; slideshow_speed=&#8221;2000&#8243; animation=&#8221;right-to-left&#8221;][\/vc_column][\/vc_row][vc_row][vc_column][vc_tta_tabs style=&#8221;modern&#8221; color=&#8221;mulled-wine&#8221; spacing=&#8221;2&#8243; gap=&#8221;1&#8243; active_section=&#8221;3&#8243;][vc_tta_section title=&#8221;MISS\u00c3O&#8221; tab_id=&#8221;1641315963564-bd16e64b-defb&#8221;][vc_column_text css=&#8221;.vc_custom_1729436996487{margin-bottom: 0px !important;}&#8221;]\n<p style=\"text-align: justify;\">Ser a sociedade l\u00edder na Am\u00e9rica Latina em quest\u00f5es relacionadas \u00e0 psor\u00edase e a outras doen\u00e7as de pele imunomediadas, fornecendo apoio s\u00f3lido aos nossos membros no desenvolvimento de atividades de divulga\u00e7\u00e3o, pesquisa e promo\u00e7\u00e3o da abordagem interdisciplinar.<\/p>\n[\/vc_column_text][mk_padding_divider visibility=&#8221;hidden-sm&#8221;][\/vc_tta_section][vc_tta_section title=&#8221;VIS\u00c3O&#8221; tab_id=&#8221;1641315963597-85341a85-5965&#8243;][vc_column_text css=&#8221;.vc_custom_1729437011842{margin-bottom: 0px !important;}&#8221;]Consolidar um espa\u00e7o \u00fanico que re\u00fana m\u00e9dicos especialistas em dermatoses imunomediadas na Am\u00e9rica Latina. Temos o compromisso de organizar periodicamente o Congresso Latino-Americano de Psor\u00edase e de promover a publica\u00e7\u00e3o de consensos regionais sobre o tratamento dessa doen\u00e7a.[\/vc_column_text][mk_padding_divider visibility=&#8221;hidden-sm&#8221;][\/vc_tta_section][vc_tta_section title=&#8221;OBJETIVOS&#8221; tab_id=&#8221;1641316013007-c8c93f30-6305&#8243;][vc_column_text css=&#8221;.vc_custom_1729437197779{margin-bottom: 0px !important;}&#8221;]\n<ul>\n<li style=\"text-align: justify;\">Promover o desenvolvimento e o avan\u00e7o da pesquisa sobre psor\u00edase e doen\u00e7as de pele imunomediadas na Am\u00e9rica Latina.<\/li>\n<li style=\"text-align: justify;\">Promover a forma\u00e7\u00e3o acad\u00eamica de especialistas e jovens interessados em psor\u00edase e doen\u00e7as imunomediadas, fortalecendo a forma\u00e7\u00e3o de recursos humanos em pesquisa.<\/li>\n<li style=\"text-align: justify;\">Incluir a psor\u00edase e outras condi\u00e7\u00f5es imunomediadas da pele, membranas mucosas e anexos da pele nos programas de treinamento para profissionais de sa\u00fade na Am\u00e9rica Latina.<\/li>\n<li style=\"text-align: justify;\">Promover a troca de conhecimento e a coopera\u00e7\u00e3o profissional com outras sociedades internacionais envolvidas em pesquisa e educa\u00e7\u00e3o em dermatoses imunomediadas.<\/li>\n<li style=\"text-align: justify;\">Organizar eventos acad\u00eamicos, como congressos, f\u00f3runs, workshops e simp\u00f3sios, de forma independente ou em colabora\u00e7\u00e3o com outras sociedades de \u00e1reas afins.<\/li>\n<li style=\"text-align: justify;\">Gerar os recursos necess\u00e1rios para promover o ensino e a pesquisa em psor\u00edase, apoiando o treinamento de jovens m\u00e9dicos interessados nessa especialidade.<\/li>\n<li style=\"text-align: justify;\">Para apoiar as publica\u00e7\u00f5es cient\u00edficas de nossos membros relacionadas \u00e0 psor\u00edase e a outras doen\u00e7as de pele imunomediadas.<\/li>\n<li style=\"text-align: justify;\">Incentivar o trabalho interdisciplinar no tratamento da psor\u00edase e das doen\u00e7as de pele imunomediadas.<\/li>\n<li style=\"text-align: justify;\">Publicar a revista &#8220;Psoriasis y Dermatosis Inmunomediadas en Latinoam\u00e9rica&#8221; e boletins informativos, distribu\u00eddos gratuitamente aos nossos membros.<\/li>\n<li style=\"text-align: justify;\">Organizar congressos latino-americanos sobre psor\u00edase e outras doen\u00e7as imunomediadas com a periodicidade determinada pelo comit\u00ea diretor.<\/li>\n<\/ul>\n[\/vc_column_text][\/vc_tta_section][\/vc_tta_tabs][\/vc_column][\/vc_row][vc_row][vc_column][mk_padding_divider][\/vc_column][\/vc_row][vc_row id=&#8221;junta&#8221;][vc_column][mk_fancy_title tag_name=&#8221;h4&#8243; color=&#8221;#ee1a31&#8243; size=&#8221;39&#8243; force_font_size=&#8221;true&#8221; size_tablet=&#8221;30&#8243; font_weight=&#8221;400&#8243; margin_bottom=&#8221;30&#8243; font_family=&#8221;Poppins&#8221; font_type=&#8221;google&#8221;]Conselho de Administra\u00e7\u00e3o 2024-2026[\/mk_fancy_title][mk_employees column=&#8221;4&#8243; rounded_image=&#8221;false&#8221; grayscale_image=&#8221;false&#8221; count=&#8221;20&#8243; order=&#8221;ASC&#8221; orderby=&#8221;menu_order&#8221; position_color=&#8221;#ee1a31&#8243; social_color=&#8221;#333333&#8243; categories=&#8221;junta-directiva&#8221;][\/vc_column][\/vc_row][vc_row id=&#8221;junta&#8221;][vc_column][mk_fancy_title tag_name=&#8221;h4&#8243; color=&#8221;#ee1a31&#8243; size=&#8221;39&#8243; force_font_size=&#8221;true&#8221; size_tablet=&#8221;30&#8243; font_weight=&#8221;400&#8243; margin_bottom=&#8221;30&#8243; font_family=&#8221;Poppins&#8221; font_type=&#8221;google&#8221;]Pa\u00edses onde a SOLAPSO tem cobertura[\/mk_fancy_title][vc_single_image image=&#8221;5220&#8243; img_size=&#8221;full&#8221; alignment=&#8221;center&#8221;][\/vc_column][\/vc_row][vc_row][vc_column][\/vc_column][\/vc_row][mk_page_section bg_image=&#8221;https:\/\/solapso.com\/wp-content\/uploads\/2024\/06\/about-bg-06.jpg&#8221; bg_position=&#8221;center top&#8221; bg_repeat=&#8221;no-repeat&#8221; bg_stretch=&#8221;true&#8221; video_color_mask=&#8221;#ed6d7c&#8221; video_opacity=&#8221;0.7&#8243; padding_top=&#8221;40&#8243; padding_bottom=&#8221;20&#8243; sidebar=&#8221;sidebar-1&#8243;][vc_column][vc_column_text disable_pattern=&#8221;false&#8221; margin_bottom=&#8221;5&#8243; animation=&#8221;top-to-bottom&#8221; css=&#8221;.vc_custom_1640549813019{margin-bottom: 5px !important;}&#8221;]\n<div style=\"font-size: 20px; color: #fff;\">N\u00e3o hesite<\/div>\n[\/vc_column_text][mk_fancy_title tag_name=&#8221;h3&#8243; color=&#8221;#ffffff&#8221; size=&#8221;86&#8243; force_font_size=&#8221;true&#8221; size_tablet=&#8221;40&#8243; font_weight=&#8221;400&#8243; txt_transform=&#8221;none&#8221; margin_bottom=&#8221;30&#8243; font_family=&#8221;Poppins&#8221; font_type=&#8221;google&#8221; animation=&#8221;top-to-bottom&#8221;]Torne-se um membro[\/mk_fancy_title][vc_row_inner][vc_column_inner width=&#8221;2\/3&#8243;][vc_column_text disable_pattern=&#8221;false&#8221; margin_bottom=&#8221;80&#8243; css=&#8221;.vc_custom_1640549876627{margin-bottom: 80px !important;}&#8221;]\n<div style=\"color: #ffffff; font-size: 24px; line-height: 36px;\">Faz parte da maior rede de profissionais especializados em psor\u00edase da Am\u00e9rica Latina.<\/div>\n[\/vc_column_text][\/vc_column_inner][vc_column_inner width=&#8221;1\/3&#8243;][\/vc_column_inner][\/vc_row_inner][vc_row_inner][vc_column_inner width=&#8221;1\/4&#8243;][mk_milestone icon=&#8221;mk-icon-user-md&#8221; icon_size=&#8221;medium&#8221; align=&#8221;center&#8221; icon_color=&#8221;#ffffff&#8221; stop=&#8221;500&#8243; speed=&#8221;4000&#8243; prefix=&#8221;+&#8221; text=&#8221;PROFISSIONAIS&#8221; text_color=&#8221;#ffffff&#8221; text_size=&#8221;18&#8243; font_family=&#8221;Poppins&#8221; font_type=&#8221;google&#8221;][mk_padding_divider visibility=&#8221;visible-sm&#8221;][\/vc_column_inner][vc_column_inner width=&#8221;1\/4&#8243;][mk_milestone icon=&#8221;mk-moon-aid&#8221; icon_size=&#8221;medium&#8221; align=&#8221;center&#8221; icon_color=&#8221;#ffffff&#8221; stop=&#8221;6&#8243; speed=&#8221;4000&#8243; text=&#8221;ESPECIALIDADES&#8221; text_color=&#8221;#ffffff&#8221; text_size=&#8221;18&#8243; font_family=&#8221;Poppins&#8221; font_type=&#8221;google&#8221;][mk_padding_divider visibility=&#8221;visible-sm&#8221;][\/vc_column_inner][vc_column_inner width=&#8221;1\/4&#8243;][mk_milestone icon=&#8221;mk-moon-flag&#8221; icon_size=&#8221;medium&#8221; align=&#8221;center&#8221; icon_color=&#8221;#ffffff&#8221; stop=&#8221;20&#8243; speed=&#8221;3000&#8243; text=&#8221;PA\u00cdSES&#8221; text_color=&#8221;#ffffff&#8221; text_size=&#8221;18&#8243; font_family=&#8221;Poppins&#8221; font_type=&#8221;google&#8221;][mk_padding_divider visibility=&#8221;visible-sm&#8221;][\/vc_column_inner][vc_column_inner width=&#8221;1\/4&#8243;][mk_milestone icon=&#8221;mk-moon-bubbles-2&#8243; icon_size=&#8221;medium&#8221; align=&#8221;center&#8221; icon_color=&#8221;#ffffff&#8221; stop=&#8221;7&#8243; speed=&#8221;6000&#8243; text=&#8221;CONGRESSOS&#8221; text_color=&#8221;#ffffff&#8221; text_size=&#8221;18&#8243; font_family=&#8221;Poppins&#8221; font_type=&#8221;google&#8221;][\/vc_column_inner][\/vc_row_inner][\/vc_column][\/mk_page_section][mk_page_section bg_color=&#8221;#ee1a31&#8243; padding_top=&#8221;60&#8243; padding_bottom=&#8221;60&#8243; sidebar=&#8221;sidebar-1&#8243;][vc_column width=&#8221;1\/3&#8243;][mk_icon_box icon=&#8221;mk-moon-medal-3&#8243; title=&#8221;APRENDER&#8221; text_size=&#8221;14&#8243; font_weight=&#8221;bold&#8221; style=&#8221;simple_ultimate&#8221; icon_size=&#8221;medium&#8221; icon_color=&#8221;#ffffff&#8221; title_color=&#8221;#ffffff&#8221; txt_color=&#8221;#ffffff&#8221; margin=&#8221;0&#8243; animation=&#8221;fade-in&#8221;]Uma comunidade que aprende, cresce e se conecta todos os dias.[\/mk_icon_box][mk_padding_divider visibility=&#8221;visible-sm&#8221;][\/vc_column][vc_column width=&#8221;1\/3&#8243;][mk_icon_box icon=&#8221;mk-moon-medal-4&#8243; title=&#8221;REUNI\u00c3O&#8221; text_size=&#8221;14&#8243; font_weight=&#8221;bold&#8221; style=&#8221;simple_ultimate&#8221; icon_size=&#8221;medium&#8221; icon_color=&#8221;#ffffff&#8221; title_color=&#8221;#ffffff&#8221; txt_color=&#8221;#ffffff&#8221; margin=&#8221;0&#8243; animation=&#8221;fade-in&#8221;]Um congresso anual que nos permite aprender e melhorar.[\/mk_icon_box][mk_padding_divider visibility=&#8221;visible-sm&#8221;][\/vc_column][vc_column width=&#8221;1\/3&#8243;][mk_icon_box icon=&#8221;mk-moon-medal-5&#8243; title=&#8221;ESPECIALISTAS&#8221; text_size=&#8221;14&#8243; font_weight=&#8221;bold&#8221; style=&#8221;simple_ultimate&#8221; icon_size=&#8221;medium&#8221; icon_color=&#8221;#ffffff&#8221; title_color=&#8221;#ffffff&#8221; txt_color=&#8221;#ffffff&#8221; margin=&#8221;0&#8243; animation=&#8221;fade-in&#8221;]Dermatologistas, endocrinologistas, psic\u00f3logos, oftalmologistas, fonoaudi\u00f3logos, coloproctologistas[\/mk_icon_box][\/vc_column][\/mk_page_section][vc_row][vc_column width=&#8221;1\/3&#8243;][mk_image src=&#8221;https:\/\/solapso.com\/wp-content\/uploads\/2021\/12\/about-bg-02-2.jpg&#8221; image_size=&#8221;large&#8221; align=&#8221;center&#8221; margin_bottom=&#8221;40&#8243;][mk_fancy_title tag_name=&#8221;h4&#8243; color=&#8221;#000000&#8243; font_weight=&#8221;bold&#8221; txt_transform=&#8221;uppercase&#8221; letter_spacing=&#8221;3&#8243; margin_bottom=&#8221;0&#8243; font_family=&#8221;Poppins&#8221; font_type=&#8221;google&#8221; align=&#8221;center&#8221;]Membros[\/mk_fancy_title][vc_column_text disable_pattern=&#8221;false&#8221; align=&#8221;center&#8221; css=&#8221;.vc_custom_1640548261775{margin-bottom: 0px !important;}&#8221;]A Empresa \u00e9 composta por Membros: 1. &#8211; Membros plenos. \/\/ 2. -Anexos. \/\/ 3. &#8211; Agregados. \/\/ 4. &#8211; Correspondentes. \/\/ 5. &#8211; Taxas. \/\/.<br \/>\nTodos aqueles que se inscreverem receber\u00e3o o diploma correspondente que os credenciar\u00e1 como membros da SOLAPSO.[\/vc_column_text][mk_padding_divider visibility=&#8221;visible-sm&#8221;][\/vc_column][vc_column width=&#8221;1\/3&#8243;][mk_image src=&#8221;https:\/\/solapso.com\/wp-content\/uploads\/2021\/12\/about-bg-03.2.jpg&#8221; image_size=&#8221;large&#8221; align=&#8221;center&#8221; margin_bottom=&#8221;40&#8243;][mk_fancy_title tag_name=&#8221;h4&#8243; color=&#8221;#000000&#8243; font_weight=&#8221;bold&#8221; txt_transform=&#8221;uppercase&#8221; letter_spacing=&#8221;3&#8243; margin_bottom=&#8221;0&#8243; font_family=&#8221;Poppins&#8221; font_type=&#8221;google&#8221; align=&#8221;center&#8221;]COMIT\u00ca EXECUTIVO[\/mk_fancy_title][vc_column_text disable_pattern=&#8221;false&#8221; align=&#8221;center&#8221; css=&#8221;.vc_custom_1640548103725{margin-bottom: 0px !important;}&#8221;]\u00c9 composto por treze (13) membros plenos com os seguintes cargos: Presidente, Vice-Presidente, Secret\u00e1rio Geral, Secret\u00e1rio Cient\u00edfico, Tesoureiro, Secret\u00e1rio de Atas, Secret\u00e1rio de Rela\u00e7\u00f5es Comunit\u00e1rias e Internacionais e seis (6) membros plenos.[\/vc_column_text][mk_padding_divider visibility=&#8221;visible-sm&#8221;][\/vc_column][vc_column width=&#8221;1\/3&#8243;][mk_image src=&#8221;https:\/\/solapso.com\/wp-content\/uploads\/2021\/12\/about-bg-04-2.jpg&#8221; image_size=&#8221;large&#8221; align=&#8221;center&#8221; margin_bottom=&#8221;40&#8243;][mk_fancy_title tag_name=&#8221;h4&#8243; color=&#8221;#000000&#8243; font_weight=&#8221;bold&#8221; txt_transform=&#8221;uppercase&#8221; letter_spacing=&#8221;3&#8243; margin_bottom=&#8221;0&#8243; font_family=&#8221;Poppins&#8221; font_type=&#8221;google&#8221; align=&#8221;center&#8221;]CONSELHO DE DELEGADOS[\/mk_fancy_title][vc_column_text disable_pattern=&#8221;false&#8221; align=&#8221;center&#8221; css=&#8221;.vc_custom_1640548420720{margin-bottom: 0px !important;}&#8221;]Constituiu um Conselho de Delegados, que ser\u00e1 composto por pessoas com resid\u00eancia permanente em cada um dos pa\u00edses latino-americanos nos quais a SOLAPSO atua.[\/vc_column_text][\/vc_column][\/vc_row][vc_row][vc_column][mk_image src=&#8221;http:\/\/demos.artbees.net\/jupiter5\/summanus\/wp-content\/uploads\/sites\/99\/2016\/04\/about-bg-05.jpg&#8221; image_size=&#8221;full&#8221; align=&#8221;center&#8221; margin_bottom=&#8221;0&#8243;][\/vc_column][\/vc_row][vc_row disable_element=&#8221;yes&#8221;][vc_column][mk_padding_divider size=&#8221;5&#8243;][mk_tab_slider autoplay_time=&#8221;2000&#8243; button_size=&#8221;30&#8243; button_color=&#8221;#ee1a31&#8243;][\/vc_column][\/vc_row][vc_row fullwidth=&#8221;true&#8221; fullwidth_content=&#8221;false&#8221; disable_element=&#8221;yes&#8221;][vc_column width=&#8221;1\/3&#8243;][mk_padding_divider size=&#8221;100&#8243;][vc_column_text disable_pattern=&#8221;false&#8221; margin_bottom=&#8221;5&#8243; animation=&#8221;top-to-bottom&#8221;]\n<div style=\"font-size: 20px;\">Sa\u00fade para a vida<\/div>\n[\/vc_column_text][mk_fancy_title tag_name=&#8221;h4&#8243; color=&#8221;#ee1a31&#8243; size=&#8221;60&#8243; force_font_size=&#8221;true&#8221; size_tablet=&#8221;40&#8243; line_height=&#8221;95&#8243; font_weight=&#8221;400&#8243; txt_transform=&#8221;capitalize&#8221; margin_bottom=&#8221;30&#8243; font_family=&#8221;Poppins&#8221; font_type=&#8221;google&#8221; animation=&#8221;top-to-bottom&#8221;]A esperan\u00e7a vive aqui[\/mk_fancy_title][mk_icon_box icon=&#8221;mk-icon-check-square-o&#8221; title=&#8221;Curabitur aliquet quam.&#8221; icon_size=&#8221;large&#8221; icon_color=&#8221;#ee1a31&#8243; icon_circle_color=&#8221;&#8221; title_color=&#8221;#666666&#8243; margin=&#8221;0&#8243;][\/mk_icon_box][mk_icon_box icon=&#8221;mk-icon-check-square-o&#8221; title=&#8221;orem ipsum dolor sit amet conse ctetur adip iscing elit.&#8221; icon_size=&#8221;large&#8221; icon_color=&#8221;#ee1a31&#8243; icon_circle_color=&#8221;&#8221; title_color=&#8221;#666666&#8243; margin=&#8221;10&#8243;][\/mk_icon_box][mk_icon_box icon=&#8221;mk-icon-check-square-o&#8221; title=&#8221;Curabitur aliquet quam.&#8221; icon_size=&#8221;large&#8221; icon_color=&#8221;#ee1a31&#8243; icon_circle_color=&#8221;&#8221; title_color=&#8221;#666666&#8243; margin=&#8221;0&#8243;][\/mk_icon_box][mk_icon_box icon=&#8221;mk-icon-check-square-o&#8221; title=&#8221;Curabitur aliquet quam.&#8221; icon_size=&#8221;large&#8221; icon_color=&#8221;#ee1a31&#8243; icon_circle_color=&#8221;&#8221; title_color=&#8221;#666666&#8243; margin=&#8221;0&#8243;][\/mk_icon_box][\/vc_column][vc_column width=&#8221;2\/3&#8243;][mk_image src=&#8221;http:\/\/demos.artbees.net\/jupiter5\/summanus\/wp-content\/uploads\/sites\/99\/2016\/04\/about-bg-07.jpg&#8221; image_size=&#8221;medium&#8221; margin_bottom=&#8221;0&#8243;][\/vc_column][\/vc_row]\n<\/div>","protected":false},"excerpt":{"rendered":"<p>[mk_page_section bg_image=&#8221;https:\/\/solapso.com\/wp-content\/uploads\/2021\/12\/nm-psoriasis_feature.jpg&#8221; bg_color=&#8221;rgba(123,123,123,0.48)&#8221; blend_mode=&#8221;multiply&#8221; bg_position=&#8221;center center&#8221; bg_repeat=&#8221;no-repeat&#8221; bg_stretch=&#8221;true&#8221; video_opacity=&#8221;0.9&#8243; js_vertical_centered=&#8221;true&#8221; padding_top=&#8221;0&#8243; padding_bottom=&#8221;140&#8243; sidebar=&#8221;sidebar-1&#8243;][vc_column][mk_padding_divider size=&#8221;60&#8243;][mk_fancy_title tag_name=&#8221;h5&#8243; color=&#8221;#ffffff&#8221; size=&#8221;24&#8243; line_height=&#8221;90&#8243; font_weight=&#8221;400&#8243; txt_transform=&#8221;uppercase&#8221; margin_bottom=&#8221;0&#8243; font_family=&#8221;Poppins&#8221; font_type=&#8221;google&#8221;]O que \u00e9 SOLAPSO?[\/mk_fancy_title][mk_fancy_title tag_name=&#8221;h1&#8243; color=&#8221;#ffffff&#8221; size=&#8221;46&#8243; force_font_size=&#8221;true&#8221; size_tablet=&#8221;35&#8243; line_height=&#8221;95&#8243; font_weight=&#8221;bold&#8221; txt_transform=&#8221;uppercase&#8221; margin_bottom=&#8221;0&#8243; font_family=&#8221;Poppins&#8221; font_type=&#8221;google&#8221;]organiza\u00e7\u00e3o acad\u00eamica oficial para psor\u00edase com representa\u00e7\u00e3o em toda a Am\u00e9rica Latina[\/mk_fancy_title][mk_fancy_title tag_name=&#8221;h5&#8243; color=&#8221;#ffffff&#8221; size=&#8221;20&#8243; font_weight=&#8221;400&#8243; txt_transform=&#8221;none&#8221; margin_bottom=&#8221;0&#8243; font_family=&#8221;Poppins&#8221; [&hellip;]<\/p>\n","protected":false},"author":3297,"featured_media":0,"parent":0,"menu_order":0,"comment_status":"closed","ping_status":"closed","template":"","meta":{"footnotes":""},"class_list":["post-5750","page","type-page","status-publish","hentry"],"publishpress_future_action":{"enabled":false,"date":"2026-04-22 01:07:52","action":"change-status","newStatus":"draft","terms":[],"taxonomy":"translation_priority","extraData":[]},"publishpress_future_workflow_manual_trigger":{"enabledWorkflows":[]},"_links":{"self":[{"href":"https:\/\/solapso.com\/pt-br\/wp-json\/wp\/v2\/pages\/5750","targetHints":{"allow":["GET"]}}],"collection":[{"href":"https:\/\/solapso.com\/pt-br\/wp-json\/wp\/v2\/pages"}],"about":[{"href":"https:\/\/solapso.com\/pt-br\/wp-json\/wp\/v2\/types\/page"}],"author":[{"embeddable":true,"href":"https:\/\/solapso.com\/pt-br\/wp-json\/wp\/v2\/users\/3297"}],"replies":[{"embeddable":true,"href":"https:\/\/solapso.com\/pt-br\/wp-json\/wp\/v2\/comments?post=5750"}],"version-history":[{"count":2,"href":"https:\/\/solapso.com\/pt-br\/wp-json\/wp\/v2\/pages\/5750\/revisions"}],"predecessor-version":[{"id":6104,"href":"https:\/\/solapso.com\/pt-br\/wp-json\/wp\/v2\/pages\/5750\/revisions\/6104"}],"wp:attachment":[{"href":"https:\/\/solapso.com\/pt-br\/wp-json\/wp\/v2\/media?parent=5750"}],"curies":[{"name":"wp","href":"https:\/\/api.w.org\/{rel}","templated":true}]}}